{"id":5746,"date":"2022-07-12T09:54:06","date_gmt":"2022-07-12T07:54:06","guid":{"rendered":"https:\/\/dayfor.com\/projets\/"},"modified":"2024-01-24T17:51:46","modified_gmt":"2024-01-24T16:51:46","slug":"projets","status":"publish","type":"page","link":"https:\/\/dayfor.com\/fr\/projets\/","title":{"rendered":"Projets"},"content":{"rendered":"\t\t<div data-elementor-type=\"wp-page\" data-elementor-id=\"5746\" class=\"elementor elementor-5746 elementor-20\" data-elementor-post-type=\"page\">\n\t\t\t\t\t\t<section class=\"elementor-section elementor-top-section elementor-element elementor-element-730526f elementor-section-height-min-height elementor-section-full_width elementor-section-items-stretch elementor-section-height-default\" data-id=\"730526f\" data-element_type=\"section\" data-e-type=\"section\" data-settings=\"{&quot;background_background&quot;:&quot;classic&quot;}\">\n\t\t\t\t\t\t<div class=\"elementor-container elementor-column-gap-default\">\n\t\t\t\t\t<div class=\"elementor-column elementor-col-100 elementor-top-column elementor-element elementor-element-3096aa3\" data-id=\"3096aa3\" data-element_type=\"column\" data-e-type=\"column\" data-settings=\"{&quot;background_background&quot;:&quot;gradient&quot;}\">\n\t\t\t<div class=\"elementor-widget-wrap elementor-element-populated\">\n\t\t\t\t\t\t<div class=\"elementor-element elementor-element-a644aad elementor-widget elementor-widget-heading\" data-id=\"a644aad\" data-element_type=\"widget\" data-e-type=\"widget\" data-widget_type=\"heading.default\">\n\t\t\t\t<div class=\"elementor-widget-container\">\n\t\t\t\t\t<h2 class=\"elementor-heading-title elementor-size-default\">Projets<\/h2>\t\t\t\t<\/div>\n\t\t\t\t<\/div>\n\t\t\t\t<div class=\"elementor-element elementor-element-47ea552 elementor-widget elementor-widget-heading\" data-id=\"47ea552\" data-element_type=\"widget\" data-e-type=\"widget\" data-widget_type=\"heading.default\">\n\t\t\t\t<div class=\"elementor-widget-container\">\n\t\t\t\t\t<h2 class=\"elementor-heading-title elementor-size-default\">Le reflet de <br> l'exp\u00e9rience. <\/h2>\t\t\t\t<\/div>\n\t\t\t\t<\/div>\n\t\t\t\t\t<\/div>\n\t\t<\/div>\n\t\t\t\t\t<\/div>\n\t\t<\/section>\n\t\t\t\t<section class=\"elementor-section elementor-top-section elementor-element elementor-element-0b798ec elementor-section-boxed elementor-section-height-default elementor-section-height-default\" data-id=\"0b798ec\" data-element_type=\"section\" data-e-type=\"section\" data-settings=\"{&quot;background_background&quot;:&quot;classic&quot;}\">\n\t\t\t\t\t\t<div class=\"elementor-container elementor-column-gap-default\">\n\t\t\t\t\t<div class=\"elementor-column elementor-col-50 elementor-top-column elementor-element elementor-element-4c2c103\" data-id=\"4c2c103\" data-element_type=\"column\" data-e-type=\"column\">\n\t\t\t<div class=\"elementor-widget-wrap elementor-element-populated\">\n\t\t\t\t\t\t<div class=\"elementor-element elementor-element-a5aa42b elementor-widget elementor-widget-heading\" data-id=\"a5aa42b\" data-element_type=\"widget\" data-e-type=\"widget\" data-widget_type=\"heading.default\">\n\t\t\t\t<div class=\"elementor-widget-container\">\n\t\t\t\t\t<h2 class=\"elementor-heading-title elementor-size-default\">PROJETS A LA UNE<\/h2>\t\t\t\t<\/div>\n\t\t\t\t<\/div>\n\t\t\t\t<div class=\"elementor-element elementor-element-79da2a0 elementor-widget elementor-widget-heading\" data-id=\"79da2a0\" data-element_type=\"widget\" data-e-type=\"widget\" data-widget_type=\"heading.default\">\n\t\t\t\t<div class=\"elementor-widget-container\">\n\t\t\t\t\t<h2 class=\"elementor-heading-title elementor-size-default\">C'est ainsi que nous cr\u00e9ons des espaces uniques.<\/h2>\t\t\t\t<\/div>\n\t\t\t\t<\/div>\n\t\t\t\t<div class=\"elementor-element elementor-element-8cbce7e elementor-widget elementor-widget-text-editor\" data-id=\"8cbce7e\" data-element_type=\"widget\" data-e-type=\"widget\" data-widget_type=\"text-editor.default\">\n\t\t\t\t<div class=\"elementor-widget-container\">\n\t\t\t\t\t\t\t\t\t<p>D\u00e9couvrez la philosophie de Dayfor \u00e0 travers des photographies de nos r\u00e9alisations embl\u00e9matiques. Nous vous expliquons comment nous nous adaptons aux exigences techniques et esth\u00e9tiques de chaque projet avec des solutions personnalis\u00e9es.<\/p>\n\t\t\t\t\t\t\t\t<\/div>\n\t\t\t\t<\/div>\n\t\t\t\t\t<\/div>\n\t\t<\/div>\n\t\t\t\t<div class=\"elementor-column elementor-col-50 elementor-top-column elementor-element elementor-element-5b21709\" data-id=\"5b21709\" data-element_type=\"column\" data-e-type=\"column\">\n\t\t\t<div class=\"elementor-widget-wrap\">\n\t\t\t\t\t\t\t<\/div>\n\t\t<\/div>\n\t\t\t\t\t<\/div>\n\t\t<\/section>\n\t\t\t\t<section class=\"elementor-section elementor-top-section elementor-element elementor-element-1c9ba41 elementor-section-full_width elementor-section-height-default elementor-section-height-default\" data-id=\"1c9ba41\" data-element_type=\"section\" data-e-type=\"section\" data-settings=\"{&quot;background_background&quot;:&quot;classic&quot;}\">\n\t\t\t\t\t\t<div class=\"elementor-container elementor-column-gap-default\">\n\t\t\t\t\t<div class=\"elementor-column elementor-col-100 elementor-top-column elementor-element elementor-element-cfe19f8\" data-id=\"cfe19f8\" data-element_type=\"column\" data-e-type=\"column\">\n\t\t\t<div class=\"elementor-widget-wrap elementor-element-populated\">\n\t\t\t\t\t\t<div class=\"elementor-element elementor-element-06197e7 elementor-grid-3 elementor-grid-tablet-2 elementor-grid-mobile-1 elementor-widget elementor-widget-portfolio\" data-id=\"06197e7\" data-element_type=\"widget\" data-e-type=\"widget\" data-settings=\"{&quot;columns&quot;:&quot;3&quot;,&quot;columns_tablet&quot;:&quot;2&quot;,&quot;columns_mobile&quot;:&quot;1&quot;,&quot;item_ratio&quot;:{&quot;unit&quot;:&quot;px&quot;,&quot;size&quot;:0.66,&quot;sizes&quot;:[]},&quot;item_gap&quot;:{&quot;unit&quot;:&quot;px&quot;,&quot;size&quot;:&quot;&quot;,&quot;sizes&quot;:[]},&quot;row_gap&quot;:{&quot;unit&quot;:&quot;px&quot;,&quot;size&quot;:&quot;&quot;,&quot;sizes&quot;:[]}}\" data-widget_type=\"portfolio.default\">\n\t\t\t\t<div class=\"elementor-widget-container\">\n\t\t\t\t\t\t\t<div class=\"elementor-portfolio elementor-grid elementor-posts-container\" role=\"list\">\n\t\t\t\t<article class=\"elementor-portfolio-item elementor-post  post-5750 proyecto type-proyecto status-publish has-post-thumbnail hentry\" role=\"listitem\">\n\t\t\t<a class=\"elementor-post__thumbnail__link\" href=\"https:\/\/dayfor.com\/fr\/proyecto\/hopital-universitaire-de-toledo\/\">\n\t\t\t\t<div class=\"elementor-portfolio-item__img elementor-post__thumbnail\">\n\t\t\t<img fetchpriority=\"high\" decoding=\"async\" width=\"640\" height=\"407\" src=\"https:\/\/dayfor.com\/wp-content\/uploads\/2023\/03\/portada.jpg\" class=\"attachment-large size-large wp-image-4775\" alt=\"\" srcset=\"https:\/\/dayfor.com\/wp-content\/uploads\/2023\/03\/portada.jpg 651w, https:\/\/dayfor.com\/wp-content\/uploads\/2023\/03\/portada-300x191.jpg 300w\" sizes=\"(max-width: 640px) 100vw, 640px\" \/>\t\t<\/div>\n\t\t\t\t<div class=\"elementor-portfolio-item__overlay\">\n\t\t\t\t<h3 class=\"elementor-portfolio-item__title\">\n\t\tH\u00f4pital universitaire de Toledo\t\t<\/h3>\n\t\t\t\t<\/div>\n\t\t\t\t<\/a>\n\t\t<\/article>\n\t\t\t\t<article class=\"elementor-portfolio-item elementor-post  post-5752 proyecto type-proyecto status-publish has-post-thumbnail hentry\" role=\"listitem\">\n\t\t\t<a class=\"elementor-post__thumbnail__link\" href=\"https:\/\/dayfor.com\/fr\/proyecto\/palais-veedor-de-galeras\/\">\n\t\t\t\t<div class=\"elementor-portfolio-item__img elementor-post__thumbnail\">\n\t\t\t<img decoding=\"async\" width=\"640\" height=\"427\" src=\"https:\/\/dayfor.com\/wp-content\/uploads\/2022\/09\/1_x.jpg\" class=\"attachment-large size-large wp-image-4755\" alt=\"\" srcset=\"https:\/\/dayfor.com\/wp-content\/uploads\/2022\/09\/1_x.jpg 1000w, https:\/\/dayfor.com\/wp-content\/uploads\/2022\/09\/1_x-300x200.jpg 300w, https:\/\/dayfor.com\/wp-content\/uploads\/2022\/09\/1_x-768x512.jpg 768w\" sizes=\"(max-width: 640px) 100vw, 640px\" \/>\t\t<\/div>\n\t\t\t\t<div class=\"elementor-portfolio-item__overlay\">\n\t\t\t\t<h3 class=\"elementor-portfolio-item__title\">\n\t\tPalais Veedor de Galeras\t\t<\/h3>\n\t\t\t\t<\/div>\n\t\t\t\t<\/a>\n\t\t<\/article>\n\t\t\t\t<article class=\"elementor-portfolio-item elementor-post  post-5754 proyecto type-proyecto status-publish has-post-thumbnail hentry\" role=\"listitem\">\n\t\t\t<a class=\"elementor-post__thumbnail__link\" href=\"https:\/\/dayfor.com\/fr\/proyecto\/batiment-e1-gibraltar\/\">\n\t\t\t\t<div class=\"elementor-portfolio-item__img elementor-post__thumbnail\">\n\t\t\t<img decoding=\"async\" width=\"640\" height=\"376\" src=\"https:\/\/dayfor.com\/wp-content\/uploads\/2023\/01\/portada-1-1024x601.jpg\" class=\"attachment-large size-large wp-image-4845\" alt=\"\" srcset=\"https:\/\/dayfor.com\/wp-content\/uploads\/2023\/01\/portada-1-1024x601.jpg 1024w, https:\/\/dayfor.com\/wp-content\/uploads\/2023\/01\/portada-1-300x176.jpg 300w, https:\/\/dayfor.com\/wp-content\/uploads\/2023\/01\/portada-1-768x450.jpg 768w, https:\/\/dayfor.com\/wp-content\/uploads\/2023\/01\/portada-1.jpg 1371w\" sizes=\"(max-width: 640px) 100vw, 640px\" \/>\t\t<\/div>\n\t\t\t\t<div class=\"elementor-portfolio-item__overlay\">\n\t\t\t\t<h3 class=\"elementor-portfolio-item__title\">\n\t\tB\u00e2timent E1, Gibraltar\t\t<\/h3>\n\t\t\t\t<\/div>\n\t\t\t\t<\/a>\n\t\t<\/article>\n\t\t\t\t<\/div>\n\t\t\t\t\t\t<\/div>\n\t\t\t\t<\/div>\n\t\t\t\t\t<\/div>\n\t\t<\/div>\n\t\t\t\t\t<\/div>\n\t\t<\/section>\n\t\t\t\t<\/div>\n\t\t","protected":false},"excerpt":{"rendered":"<p>Projets Le reflet de l&rsquo;exp\u00e9rience. PROJETS A LA UNE C&rsquo;est ainsi que nous cr\u00e9ons des espaces uniques. D\u00e9couvrez la philosophie de Dayfor \u00e0 travers des photographies de nos r\u00e9alisations embl\u00e9matiques. Nous vous expliquons comment nous nous adaptons aux exigences techniques et esth\u00e9tiques de chaque projet avec des solutions personnalis\u00e9es.<\/p>\n","protected":false},"author":2,"featured_media":0,"parent":0,"menu_order":0,"comment_status":"closed","ping_status":"closed","template":"elementor_header_footer","meta":{"_acf_changed":false,"inline_featured_image":false,"footnotes":""},"class_list":["post-5746","page","type-page","status-publish","hentry"],"acf":[],"yoast_head":"<!-- This site is optimized with the Yoast SEO plugin v27.4 - https:\/\/yoast.com\/product\/yoast-seo-wordpress\/ -->\n<title>Projets - F\u00e1brica de Puertas | Dayfor<\/title>\n<meta name=\"robots\" content=\"index, follow, max-snippet:-1, max-image-preview:large, max-video-preview:-1\" \/>\n<link rel=\"canonical\" href=\"https:\/\/dayfor.com\/fr\/projets\/\" \/>\n<meta property=\"og:locale\" content=\"fr_FR\" \/>\n<meta property=\"og:type\" content=\"article\" \/>\n<meta property=\"og:title\" content=\"Projets - F\u00e1brica de Puertas | Dayfor\" \/>\n<meta property=\"og:description\" content=\"Projets Le reflet de l&rsquo;exp\u00e9rience. PROJETS A LA UNE C&rsquo;est ainsi que nous cr\u00e9ons des espaces uniques. D\u00e9couvrez la philosophie de Dayfor \u00e0 travers des photographies de nos r\u00e9alisations embl\u00e9matiques. Nous vous expliquons comment nous nous adaptons aux exigences techniques et esth\u00e9tiques de chaque projet avec des solutions personnalis\u00e9es.\" \/>\n<meta property=\"og:url\" content=\"https:\/\/dayfor.com\/fr\/projets\/\" \/>\n<meta property=\"og:site_name\" content=\"F\u00e1brica de Puertas | Dayfor\" \/>\n<meta property=\"article:publisher\" content=\"https:\/\/www.facebook.com\/GRUPODAYFOR\" \/>\n<meta property=\"article:modified_time\" content=\"2024-01-24T16:51:46+00:00\" \/>\n<meta name=\"twitter:card\" content=\"summary_large_image\" \/>\n<meta name=\"twitter:site\" content=\"@PuertasDayfor\" \/>\n<script type=\"application\/ld+json\" class=\"yoast-schema-graph\">{\"@context\":\"https:\\\/\\\/schema.org\",\"@graph\":[{\"@type\":\"WebPage\",\"@id\":\"https:\\\/\\\/dayfor.com\\\/fr\\\/projets\\\/\",\"url\":\"https:\\\/\\\/dayfor.com\\\/fr\\\/projets\\\/\",\"name\":\"Projets - F\u00e1brica de Puertas | Dayfor\",\"isPartOf\":{\"@id\":\"https:\\\/\\\/dayfor.com\\\/fr\\\/#website\"},\"datePublished\":\"2022-07-12T07:54:06+00:00\",\"dateModified\":\"2024-01-24T16:51:46+00:00\",\"breadcrumb\":{\"@id\":\"https:\\\/\\\/dayfor.com\\\/fr\\\/projets\\\/#breadcrumb\"},\"inLanguage\":\"fr-FR\",\"potentialAction\":[{\"@type\":\"ReadAction\",\"target\":[\"https:\\\/\\\/dayfor.com\\\/fr\\\/projets\\\/\"]}]},{\"@type\":\"BreadcrumbList\",\"@id\":\"https:\\\/\\\/dayfor.com\\\/fr\\\/projets\\\/#breadcrumb\",\"itemListElement\":[{\"@type\":\"ListItem\",\"position\":1,\"name\":\"Inicio\",\"item\":\"https:\\\/\\\/dayfor.com\\\/fr\\\/\"},{\"@type\":\"ListItem\",\"position\":2,\"name\":\"Projets\"}]},{\"@type\":\"WebSite\",\"@id\":\"https:\\\/\\\/dayfor.com\\\/fr\\\/#website\",\"url\":\"https:\\\/\\\/dayfor.com\\\/fr\\\/\",\"name\":\"F\u00e1brica de Puertas | Dayfor\",\"description\":\"Puertas, Armarios, Molduras y Mamparas\",\"publisher\":{\"@id\":\"https:\\\/\\\/dayfor.com\\\/fr\\\/#organization\"},\"potentialAction\":[{\"@type\":\"SearchAction\",\"target\":{\"@type\":\"EntryPoint\",\"urlTemplate\":\"https:\\\/\\\/dayfor.com\\\/fr\\\/?s={search_term_string}\"},\"query-input\":{\"@type\":\"PropertyValueSpecification\",\"valueRequired\":true,\"valueName\":\"search_term_string\"}}],\"inLanguage\":\"fr-FR\"},{\"@type\":\"Organization\",\"@id\":\"https:\\\/\\\/dayfor.com\\\/fr\\\/#organization\",\"name\":\"F\u00e1brica de Puertas | Dayfor\",\"url\":\"https:\\\/\\\/dayfor.com\\\/fr\\\/\",\"logo\":{\"@type\":\"ImageObject\",\"inLanguage\":\"fr-FR\",\"@id\":\"https:\\\/\\\/dayfor.com\\\/fr\\\/#\\\/schema\\\/logo\\\/image\\\/\",\"url\":\"https:\\\/\\\/dayfor.com\\\/wp-content\\\/uploads\\\/2023\\\/05\\\/cropped-favicon-dayfor.png\",\"contentUrl\":\"https:\\\/\\\/dayfor.com\\\/wp-content\\\/uploads\\\/2023\\\/05\\\/cropped-favicon-dayfor.png\",\"width\":512,\"height\":512,\"caption\":\"F\u00e1brica de Puertas | Dayfor\"},\"image\":{\"@id\":\"https:\\\/\\\/dayfor.com\\\/fr\\\/#\\\/schema\\\/logo\\\/image\\\/\"},\"sameAs\":[\"https:\\\/\\\/www.facebook.com\\\/GRUPODAYFOR\",\"https:\\\/\\\/x.com\\\/PuertasDayfor\",\"https:\\\/\\\/www.instagram.com\\\/puertasdayfor\\\/\",\"https:\\\/\\\/www.linkedin.com\\\/company\\\/puertas-dayfor-s-l-\\\/\"]}]}<\/script>\n<!-- \/ Yoast SEO plugin. -->","yoast_head_json":{"title":"Projets - F\u00e1brica de Puertas | Dayfor","robots":{"index":"index","follow":"follow","max-snippet":"max-snippet:-1","max-image-preview":"max-image-preview:large","max-video-preview":"max-video-preview:-1"},"canonical":"https:\/\/dayfor.com\/fr\/projets\/","og_locale":"fr_FR","og_type":"article","og_title":"Projets - F\u00e1brica de Puertas | Dayfor","og_description":"Projets Le reflet de l&rsquo;exp\u00e9rience. PROJETS A LA UNE C&rsquo;est ainsi que nous cr\u00e9ons des espaces uniques. D\u00e9couvrez la philosophie de Dayfor \u00e0 travers des photographies de nos r\u00e9alisations embl\u00e9matiques. Nous vous expliquons comment nous nous adaptons aux exigences techniques et esth\u00e9tiques de chaque projet avec des solutions personnalis\u00e9es.","og_url":"https:\/\/dayfor.com\/fr\/projets\/","og_site_name":"F\u00e1brica de Puertas | Dayfor","article_publisher":"https:\/\/www.facebook.com\/GRUPODAYFOR","article_modified_time":"2024-01-24T16:51:46+00:00","twitter_card":"summary_large_image","twitter_site":"@PuertasDayfor","schema":{"@context":"https:\/\/schema.org","@graph":[{"@type":"WebPage","@id":"https:\/\/dayfor.com\/fr\/projets\/","url":"https:\/\/dayfor.com\/fr\/projets\/","name":"Projets - F\u00e1brica de Puertas | Dayfor","isPartOf":{"@id":"https:\/\/dayfor.com\/fr\/#website"},"datePublished":"2022-07-12T07:54:06+00:00","dateModified":"2024-01-24T16:51:46+00:00","breadcrumb":{"@id":"https:\/\/dayfor.com\/fr\/projets\/#breadcrumb"},"inLanguage":"fr-FR","potentialAction":[{"@type":"ReadAction","target":["https:\/\/dayfor.com\/fr\/projets\/"]}]},{"@type":"BreadcrumbList","@id":"https:\/\/dayfor.com\/fr\/projets\/#breadcrumb","itemListElement":[{"@type":"ListItem","position":1,"name":"Inicio","item":"https:\/\/dayfor.com\/fr\/"},{"@type":"ListItem","position":2,"name":"Projets"}]},{"@type":"WebSite","@id":"https:\/\/dayfor.com\/fr\/#website","url":"https:\/\/dayfor.com\/fr\/","name":"F\u00e1brica de Puertas | Dayfor","description":"Puertas, Armarios, Molduras y Mamparas","publisher":{"@id":"https:\/\/dayfor.com\/fr\/#organization"},"potentialAction":[{"@type":"SearchAction","target":{"@type":"EntryPoint","urlTemplate":"https:\/\/dayfor.com\/fr\/?s={search_term_string}"},"query-input":{"@type":"PropertyValueSpecification","valueRequired":true,"valueName":"search_term_string"}}],"inLanguage":"fr-FR"},{"@type":"Organization","@id":"https:\/\/dayfor.com\/fr\/#organization","name":"F\u00e1brica de Puertas | Dayfor","url":"https:\/\/dayfor.com\/fr\/","logo":{"@type":"ImageObject","inLanguage":"fr-FR","@id":"https:\/\/dayfor.com\/fr\/#\/schema\/logo\/image\/","url":"https:\/\/dayfor.com\/wp-content\/uploads\/2023\/05\/cropped-favicon-dayfor.png","contentUrl":"https:\/\/dayfor.com\/wp-content\/uploads\/2023\/05\/cropped-favicon-dayfor.png","width":512,"height":512,"caption":"F\u00e1brica de Puertas | Dayfor"},"image":{"@id":"https:\/\/dayfor.com\/fr\/#\/schema\/logo\/image\/"},"sameAs":["https:\/\/www.facebook.com\/GRUPODAYFOR","https:\/\/x.com\/PuertasDayfor","https:\/\/www.instagram.com\/puertasdayfor\/","https:\/\/www.linkedin.com\/company\/puertas-dayfor-s-l-\/"]}]}},"_links":{"self":[{"href":"https:\/\/dayfor.com\/fr\/wp-json\/wp\/v2\/pages\/5746","targetHints":{"allow":["GET"]}}],"collection":[{"href":"https:\/\/dayfor.com\/fr\/wp-json\/wp\/v2\/pages"}],"about":[{"href":"https:\/\/dayfor.com\/fr\/wp-json\/wp\/v2\/types\/page"}],"author":[{"embeddable":true,"href":"https:\/\/dayfor.com\/fr\/wp-json\/wp\/v2\/users\/2"}],"replies":[{"embeddable":true,"href":"https:\/\/dayfor.com\/fr\/wp-json\/wp\/v2\/comments?post=5746"}],"version-history":[{"count":3,"href":"https:\/\/dayfor.com\/fr\/wp-json\/wp\/v2\/pages\/5746\/revisions"}],"predecessor-version":[{"id":5749,"href":"https:\/\/dayfor.com\/fr\/wp-json\/wp\/v2\/pages\/5746\/revisions\/5749"}],"wp:attachment":[{"href":"https:\/\/dayfor.com\/fr\/wp-json\/wp\/v2\/media?parent=5746"}],"curies":[{"name":"wp","href":"https:\/\/api.w.org\/{rel}","templated":true}]}}