{"id":5760,"date":"2023-05-15T10:58:54","date_gmt":"2023-05-15T08:58:54","guid":{"rendered":"https:\/\/dayfor.com\/produits\/armoires\/"},"modified":"2025-08-04T11:36:59","modified_gmt":"2025-08-04T09:36:59","slug":"armoires","status":"publish","type":"page","link":"https:\/\/dayfor.com\/fr\/produits\/armoires\/","title":{"rendered":"Armoires"},"content":{"rendered":"\t\t<div data-elementor-type=\"wp-page\" data-elementor-id=\"5760\" class=\"elementor elementor-5760 elementor-2981\" data-elementor-post-type=\"page\">\n\t\t\t\t\t\t<section class=\"elementor-section elementor-top-section elementor-element elementor-element-91e6afc elementor-section-boxed elementor-section-height-default elementor-section-height-default\" data-id=\"91e6afc\" data-element_type=\"section\" data-e-type=\"section\">\n\t\t\t\t\t\t<div class=\"elementor-container elementor-column-gap-default\">\n\t\t\t\t\t<div class=\"elementor-column elementor-col-100 elementor-top-column elementor-element elementor-element-cf4fc2b\" data-id=\"cf4fc2b\" data-element_type=\"column\" data-e-type=\"column\">\n\t\t\t<div class=\"elementor-widget-wrap elementor-element-populated\">\n\t\t\t\t\t\t<div class=\"elementor-element elementor-element-1a5c0de elementor-widget elementor-widget-breadcrumbs\" data-id=\"1a5c0de\" data-element_type=\"widget\" data-e-type=\"widget\" data-widget_type=\"breadcrumbs.default\">\n\t\t\t\t<div class=\"elementor-widget-container\">\n\t\t\t\t\t<p id=\"breadcrumbs\"><span><span><a href=\"https:\/\/dayfor.com\/fr\/\">Inicio<\/a><\/span><\/span><\/p>\t\t\t\t<\/div>\n\t\t\t\t<\/div>\n\t\t\t\t\t<\/div>\n\t\t<\/div>\n\t\t\t\t\t<\/div>\n\t\t<\/section>\n\t\t<div class=\"elementor-element elementor-element-207d279 e-flex e-con-boxed e-con e-parent\" data-id=\"207d279\" data-element_type=\"container\" data-e-type=\"container\">\n\t\t\t\t\t<div class=\"e-con-inner\">\n\t\t<div class=\"elementor-element elementor-element-105eaa1 e-con-full e-flex e-con e-child\" data-id=\"105eaa1\" data-element_type=\"container\" data-e-type=\"container\">\n\t\t\t\t<div class=\"elementor-element elementor-element-182b484 elementor-widget elementor-widget-image\" data-id=\"182b484\" data-element_type=\"widget\" data-e-type=\"widget\" data-widget_type=\"image.default\">\n\t\t\t\t<div class=\"elementor-widget-container\">\n\t\t\t\t\t\t\t\t\t\t\t\t\t\t\t\t<a href=\"https:\/\/dayfor.com\/wp-content\/uploads\/2025\/07\/Armario-3-1.jpg\" data-elementor-open-lightbox=\"yes\" data-e-action-hash=\"#elementor-action%3Aaction%3Dlightbox%26settings%3DeyJpZCI6NzcyNiwidXJsIjoiaHR0cHM6XC9cL2RheWZvci5jb21cL3dwLWNvbnRlbnRcL3VwbG9hZHNcLzIwMjVcLzA3XC9Bcm1hcmlvLTMtMS5qcGcifQ%3D%3D\">\n\t\t\t\t\t\t\t<img fetchpriority=\"high\" decoding=\"async\" width=\"640\" height=\"480\" src=\"https:\/\/dayfor.com\/wp-content\/uploads\/2025\/07\/Armario-3-1-1024x768.jpg\" class=\"attachment-large size-large wp-image-7726\" alt=\"\" srcset=\"https:\/\/dayfor.com\/wp-content\/uploads\/2025\/07\/Armario-3-1-1024x768.jpg 1024w, https:\/\/dayfor.com\/wp-content\/uploads\/2025\/07\/Armario-3-1-300x225.jpg 300w, https:\/\/dayfor.com\/wp-content\/uploads\/2025\/07\/Armario-3-1-768x576.jpg 768w, https:\/\/dayfor.com\/wp-content\/uploads\/2025\/07\/Armario-3-1.jpg 1200w\" sizes=\"(max-width: 640px) 100vw, 640px\" \/>\t\t\t\t\t\t\t\t<\/a>\n\t\t\t\t\t\t\t\t\t\t\t\t\t\t\t<\/div>\n\t\t\t\t<\/div>\n\t\t\t\t<div class=\"elementor-element elementor-element-eeb812e elementor-widget elementor-widget-image\" data-id=\"eeb812e\" data-element_type=\"widget\" data-e-type=\"widget\" data-widget_type=\"image.default\">\n\t\t\t\t<div class=\"elementor-widget-container\">\n\t\t\t\t\t\t\t\t\t\t\t\t\t\t\t\t<a href=\"https:\/\/dayfor.com\/wp-content\/uploads\/2025\/07\/Armario-1.jpg\" data-elementor-open-lightbox=\"yes\" data-e-action-hash=\"#elementor-action%3Aaction%3Dlightbox%26settings%3DeyJpZCI6NzcyMCwidXJsIjoiaHR0cHM6XC9cL2RheWZvci5jb21cL3dwLWNvbnRlbnRcL3VwbG9hZHNcLzIwMjVcLzA3XC9Bcm1hcmlvLTEuanBnIn0%3D\">\n\t\t\t\t\t\t\t<img decoding=\"async\" width=\"640\" height=\"960\" src=\"https:\/\/dayfor.com\/wp-content\/uploads\/2025\/07\/Armario-1-683x1024.jpg\" class=\"attachment-large size-large wp-image-7720\" alt=\"\" srcset=\"https:\/\/dayfor.com\/wp-content\/uploads\/2025\/07\/Armario-1-683x1024.jpg 683w, https:\/\/dayfor.com\/wp-content\/uploads\/2025\/07\/Armario-1-200x300.jpg 200w, https:\/\/dayfor.com\/wp-content\/uploads\/2025\/07\/Armario-1-768x1152.jpg 768w, https:\/\/dayfor.com\/wp-content\/uploads\/2025\/07\/Armario-1.jpg 800w\" sizes=\"(max-width: 640px) 100vw, 640px\" \/>\t\t\t\t\t\t\t\t<\/a>\n\t\t\t\t\t\t\t\t\t\t\t\t\t\t\t<\/div>\n\t\t\t\t<\/div>\n\t\t\t\t<\/div>\n\t\t<div class=\"elementor-element elementor-element-a72f500 e-con-full e-flex e-con e-child\" data-id=\"a72f500\" data-element_type=\"container\" data-e-type=\"container\">\n\t\t\t\t<div class=\"elementor-element elementor-element-6c8af3a elementor-widget elementor-widget-heading\" data-id=\"6c8af3a\" data-element_type=\"widget\" data-e-type=\"widget\" data-widget_type=\"heading.default\">\n\t\t\t\t<div class=\"elementor-widget-container\">\n\t\t\t\t\t<h2 class=\"elementor-heading-title elementor-size-default\">Armoires<\/h2>\t\t\t\t<\/div>\n\t\t\t\t<\/div>\n\t\t<div class=\"elementor-element elementor-element-82d4e50 e-con-full e-flex e-con e-child\" data-id=\"82d4e50\" data-element_type=\"container\" data-e-type=\"container\">\n\t\t<div class=\"elementor-element elementor-element-3e4a3c4 e-con-full e-flex e-con e-child\" data-id=\"3e4a3c4\" data-element_type=\"container\" data-e-type=\"container\">\n\t\t\t\t<div class=\"elementor-element elementor-element-3588c1b elementor-widget elementor-widget-text-editor\" data-id=\"3588c1b\" data-element_type=\"widget\" data-e-type=\"widget\" data-widget_type=\"text-editor.default\">\n\t\t\t\t<div class=\"elementor-widget-container\">\n\t\t\t\t\t\t\t\t\t<p>La division armoires de Dayfor est responsable de la planification, de la conception et de la fabrication d&rsquo;armoires adapt\u00e9es \u00e0 chaque projet. Ils constituent une excellente option pour ceux qui cherchent \u00e0 combiner une esth\u00e9tique et des finitions exclusives avec des solutions de construction pour une utilisation maximale de l&rsquo;espace.<\/p>\t\t\t\t\t\t\t\t<\/div>\n\t\t\t\t<\/div>\n\t\t\t\t<\/div>\n\t\t\t\t<\/div>\n\t\t<div class=\"elementor-element elementor-element-dda6a2a e-con-full e-flex e-con e-child\" data-id=\"dda6a2a\" data-element_type=\"container\" data-e-type=\"container\">\n\t\t<div class=\"elementor-element elementor-element-0939e14 e-con-full e-flex e-con e-child\" data-id=\"0939e14\" data-element_type=\"container\" data-e-type=\"container\">\n\t\t\t\t<div class=\"elementor-element elementor-element-ba03e80 elementor-widget elementor-widget-text-editor\" data-id=\"ba03e80\" data-element_type=\"widget\" data-e-type=\"widget\" data-widget_type=\"text-editor.default\">\n\t\t\t\t<div class=\"elementor-widget-container\">\n\t\t\t\t\t\t\t\t\t<p><strong>Utilisation de l&rsquo;espace<\/strong><\/p>\n<p>Nos armoires sur mesure se distinguent par leur fabrication exclusive selon les mesures de l&rsquo;ouverture existante o\u00f9 elles seront install\u00e9es, offrant une esth\u00e9tique et une finition qu&rsquo;une armoire de taille standard ne peut offrir. Par exemple, nous pouvons recouvrir les piliers, les poutres ou les descentes d&rsquo;eau pluviale ou, si vous le souhaitez, dissimuler ces \u00e9l\u00e9ments. L&rsquo;ensemble de l&rsquo;int\u00e9rieur peut \u00e9galement \u00eatre configur\u00e9 en termes d&rsquo;\u00e9tag\u00e8res (et leur syst\u00e8me de fixation), de s\u00e9parateurs, de barres, de blocs-tiroirs, de LED, de porte-chaussures, de paniers, de porte-pantalons, de porte-cravates, etc. afin d&rsquo;optimiser le rangement et l&rsquo;organisation. Les portes peuvent \u00eatre configur\u00e9es avec tous les syst\u00e8mes d&rsquo;ouverture (\u00e0 charni\u00e8res, coulissantes et pliantes). De plus, nous n&rsquo;oublions pas l&rsquo;installation, en pr\u00e9parant les \u00e9l\u00e9ments d&rsquo;assemblage pour la rendre rapide et facile.<\/p>\n\t\t\t\t\t\t\t\t<\/div>\n\t\t\t\t<\/div>\n\t\t\t\t<\/div>\n\t\t<div class=\"elementor-element elementor-element-0f2e72d e-con-full e-flex e-con e-child\" data-id=\"0f2e72d\" data-element_type=\"container\" data-e-type=\"container\">\n\t\t\t\t<div class=\"elementor-element elementor-element-4eda3c7 elementor-widget elementor-widget-text-editor\" data-id=\"4eda3c7\" data-element_type=\"widget\" data-e-type=\"widget\" data-widget_type=\"text-editor.default\">\n\t\t\t\t<div class=\"elementor-widget-container\">\n\t\t\t\t\t\t\t\t\t<p><strong>Conception<\/strong><\/p>\n<p>Nous consid\u00e9rons l&rsquo;armoire comme un meuble qui, \u00e0 lui seul, ajoute une valeur esth\u00e9tique \u00e0 la pi\u00e8ce. Nous proposons une grande vari\u00e9t\u00e9 de styles allant des lignes classiques et rustiques aux designs minimalistes, s&rsquo;adaptant aux exigences de la d\u00e9coration int\u00e9rieure d&rsquo;avant-garde.<\/p>\n<p><strong>Finitions et mat\u00e9riaux durables. <\/strong><\/p>\n<p>Il est possible d&rsquo;utiliser la vaste gamme de finitions de Dayfor sur nos portes d&rsquo;armoires, y compris les <u>stratifi\u00e9s <\/u>HPL, CPL ou m\u00e9lamin\u00e9s, les <u>placages<\/u> naturels ou pr\u00e9-composites vernis ou teint\u00e9s, et les <u>laques<\/u>. Nous cr\u00e9ons ainsi une esth\u00e9tique homog\u00e8ne avec le reste des \u00e9l\u00e9ments de l&rsquo;espace, comme les portes.<\/p>\n<p>Tous nos mat\u00e9riaux et finitions sont disponibles avec la <u>cha\u00eene de contr\u00f4le FSC <\/u>pour une gestion responsable des for\u00eats.<\/p>\n\t\t\t\t\t\t\t\t<\/div>\n\t\t\t\t<\/div>\n\t\t\t\t<\/div>\n\t\t\t\t<\/div>\n\t\t\t\t<\/div>\n\t\t\t\t\t<\/div>\n\t\t\t\t<\/div>\n\t\t\t\t<\/div>\n\t\t","protected":false},"excerpt":{"rendered":"<p>La division armoires de Dayfor est responsable de la planification, de la conception et de la fabrication d&rsquo;armoires adapt\u00e9es \u00e0 chaque projet. Ils constituent une excellente option pour ceux qui cherchent \u00e0 combiner une esth\u00e9tique et des finitions exclusives avec des solutions de construction pour une utilisation maximale de l&rsquo;espace. Utilisation de l&rsquo;espace Nos armoires [&hellip;]<\/p>\n","protected":false},"author":2,"featured_media":0,"parent":5758,"menu_order":0,"comment_status":"closed","ping_status":"closed","template":"","meta":{"_acf_changed":false,"inline_featured_image":false,"footnotes":""},"class_list":["post-5760","page","type-page","status-publish","hentry"],"acf":[],"yoast_head":"<!-- This site is optimized with the Yoast SEO plugin v27.4 - https:\/\/yoast.com\/product\/yoast-seo-wordpress\/ -->\n<title>Armoires - F\u00e1brica de Puertas | Dayfor<\/title>\n<meta name=\"robots\" content=\"index, follow, max-snippet:-1, max-image-preview:large, max-video-preview:-1\" \/>\n<link rel=\"canonical\" href=\"https:\/\/dayfor.com\/fr\/produits\/armoires\/\" \/>\n<meta property=\"og:locale\" content=\"fr_FR\" \/>\n<meta property=\"og:type\" content=\"article\" \/>\n<meta property=\"og:title\" content=\"Armoires - F\u00e1brica de Puertas | Dayfor\" \/>\n<meta property=\"og:description\" content=\"La division armoires de Dayfor est responsable de la planification, de la conception et de la fabrication d&rsquo;armoires adapt\u00e9es \u00e0 chaque projet. Ils constituent une excellente option pour ceux qui cherchent \u00e0 combiner une esth\u00e9tique et des finitions exclusives avec des solutions de construction pour une utilisation maximale de l&rsquo;espace. Utilisation de l&rsquo;espace Nos armoires [&hellip;]\" \/>\n<meta property=\"og:url\" content=\"https:\/\/dayfor.com\/fr\/produits\/armoires\/\" \/>\n<meta property=\"og:site_name\" content=\"F\u00e1brica de Puertas | Dayfor\" \/>\n<meta property=\"article:publisher\" content=\"https:\/\/www.facebook.com\/GRUPODAYFOR\" \/>\n<meta property=\"article:modified_time\" content=\"2025-08-04T09:36:59+00:00\" \/>\n<meta property=\"og:image\" content=\"https:\/\/dayfor.com\/wp-content\/uploads\/2025\/07\/Armario-3-1.jpg\" \/>\n\t<meta property=\"og:image:width\" content=\"1200\" \/>\n\t<meta property=\"og:image:height\" content=\"900\" \/>\n\t<meta property=\"og:image:type\" content=\"image\/jpeg\" \/>\n<meta name=\"twitter:card\" content=\"summary_large_image\" \/>\n<meta name=\"twitter:site\" content=\"@PuertasDayfor\" \/>\n<meta name=\"twitter:label1\" content=\"Dur\u00e9e de lecture estim\u00e9e\" \/>\n\t<meta name=\"twitter:data1\" content=\"2 minutes\" \/>\n<script type=\"application\/ld+json\" class=\"yoast-schema-graph\">{\"@context\":\"https:\\\/\\\/schema.org\",\"@graph\":[{\"@type\":\"WebPage\",\"@id\":\"https:\\\/\\\/dayfor.com\\\/fr\\\/produits\\\/armoires\\\/\",\"url\":\"https:\\\/\\\/dayfor.com\\\/fr\\\/produits\\\/armoires\\\/\",\"name\":\"Armoires - F\u00e1brica de Puertas | Dayfor\",\"isPartOf\":{\"@id\":\"https:\\\/\\\/dayfor.com\\\/fr\\\/#website\"},\"primaryImageOfPage\":{\"@id\":\"https:\\\/\\\/dayfor.com\\\/fr\\\/produits\\\/armoires\\\/#primaryimage\"},\"image\":{\"@id\":\"https:\\\/\\\/dayfor.com\\\/fr\\\/produits\\\/armoires\\\/#primaryimage\"},\"thumbnailUrl\":\"https:\\\/\\\/dayfor.com\\\/wp-content\\\/uploads\\\/2025\\\/07\\\/Armario-3-1-1024x768.jpg\",\"datePublished\":\"2023-05-15T08:58:54+00:00\",\"dateModified\":\"2025-08-04T09:36:59+00:00\",\"breadcrumb\":{\"@id\":\"https:\\\/\\\/dayfor.com\\\/fr\\\/produits\\\/armoires\\\/#breadcrumb\"},\"inLanguage\":\"fr-FR\",\"potentialAction\":[{\"@type\":\"ReadAction\",\"target\":[\"https:\\\/\\\/dayfor.com\\\/fr\\\/produits\\\/armoires\\\/\"]}]},{\"@type\":\"ImageObject\",\"inLanguage\":\"fr-FR\",\"@id\":\"https:\\\/\\\/dayfor.com\\\/fr\\\/produits\\\/armoires\\\/#primaryimage\",\"url\":\"https:\\\/\\\/dayfor.com\\\/wp-content\\\/uploads\\\/2025\\\/07\\\/Armario-3-1-1024x768.jpg\",\"contentUrl\":\"https:\\\/\\\/dayfor.com\\\/wp-content\\\/uploads\\\/2025\\\/07\\\/Armario-3-1-1024x768.jpg\"},{\"@type\":\"BreadcrumbList\",\"@id\":\"https:\\\/\\\/dayfor.com\\\/fr\\\/produits\\\/armoires\\\/#breadcrumb\",\"itemListElement\":[{\"@type\":\"ListItem\",\"position\":1,\"name\":\"Inicio\",\"item\":\"https:\\\/\\\/dayfor.com\\\/fr\\\/\"},{\"@type\":\"ListItem\",\"position\":2,\"name\":\"Produits\",\"item\":\"https:\\\/\\\/dayfor.com\\\/fr\\\/catalogo-productos-fabrica-puertas\\\/\"},{\"@type\":\"ListItem\",\"position\":3,\"name\":\"Armoires\"}]},{\"@type\":\"WebSite\",\"@id\":\"https:\\\/\\\/dayfor.com\\\/fr\\\/#website\",\"url\":\"https:\\\/\\\/dayfor.com\\\/fr\\\/\",\"name\":\"F\u00e1brica de Puertas | Dayfor\",\"description\":\"Puertas, Armarios, Molduras y Mamparas\",\"publisher\":{\"@id\":\"https:\\\/\\\/dayfor.com\\\/fr\\\/#organization\"},\"potentialAction\":[{\"@type\":\"SearchAction\",\"target\":{\"@type\":\"EntryPoint\",\"urlTemplate\":\"https:\\\/\\\/dayfor.com\\\/fr\\\/?s={search_term_string}\"},\"query-input\":{\"@type\":\"PropertyValueSpecification\",\"valueRequired\":true,\"valueName\":\"search_term_string\"}}],\"inLanguage\":\"fr-FR\"},{\"@type\":\"Organization\",\"@id\":\"https:\\\/\\\/dayfor.com\\\/fr\\\/#organization\",\"name\":\"F\u00e1brica de Puertas | Dayfor\",\"url\":\"https:\\\/\\\/dayfor.com\\\/fr\\\/\",\"logo\":{\"@type\":\"ImageObject\",\"inLanguage\":\"fr-FR\",\"@id\":\"https:\\\/\\\/dayfor.com\\\/fr\\\/#\\\/schema\\\/logo\\\/image\\\/\",\"url\":\"https:\\\/\\\/dayfor.com\\\/wp-content\\\/uploads\\\/2023\\\/05\\\/cropped-favicon-dayfor.png\",\"contentUrl\":\"https:\\\/\\\/dayfor.com\\\/wp-content\\\/uploads\\\/2023\\\/05\\\/cropped-favicon-dayfor.png\",\"width\":512,\"height\":512,\"caption\":\"F\u00e1brica de Puertas | Dayfor\"},\"image\":{\"@id\":\"https:\\\/\\\/dayfor.com\\\/fr\\\/#\\\/schema\\\/logo\\\/image\\\/\"},\"sameAs\":[\"https:\\\/\\\/www.facebook.com\\\/GRUPODAYFOR\",\"https:\\\/\\\/x.com\\\/PuertasDayfor\",\"https:\\\/\\\/www.instagram.com\\\/puertasdayfor\\\/\",\"https:\\\/\\\/www.linkedin.com\\\/company\\\/puertas-dayfor-s-l-\\\/\"]}]}<\/script>\n<!-- \/ Yoast SEO plugin. -->","yoast_head_json":{"title":"Armoires - F\u00e1brica de Puertas | Dayfor","robots":{"index":"index","follow":"follow","max-snippet":"max-snippet:-1","max-image-preview":"max-image-preview:large","max-video-preview":"max-video-preview:-1"},"canonical":"https:\/\/dayfor.com\/fr\/produits\/armoires\/","og_locale":"fr_FR","og_type":"article","og_title":"Armoires - F\u00e1brica de Puertas | Dayfor","og_description":"La division armoires de Dayfor est responsable de la planification, de la conception et de la fabrication d&rsquo;armoires adapt\u00e9es \u00e0 chaque projet. Ils constituent une excellente option pour ceux qui cherchent \u00e0 combiner une esth\u00e9tique et des finitions exclusives avec des solutions de construction pour une utilisation maximale de l&rsquo;espace. Utilisation de l&rsquo;espace Nos armoires [&hellip;]","og_url":"https:\/\/dayfor.com\/fr\/produits\/armoires\/","og_site_name":"F\u00e1brica de Puertas | Dayfor","article_publisher":"https:\/\/www.facebook.com\/GRUPODAYFOR","article_modified_time":"2025-08-04T09:36:59+00:00","og_image":[{"width":1200,"height":900,"url":"https:\/\/dayfor.com\/wp-content\/uploads\/2025\/07\/Armario-3-1.jpg","type":"image\/jpeg"}],"twitter_card":"summary_large_image","twitter_site":"@PuertasDayfor","twitter_misc":{"Dur\u00e9e de lecture estim\u00e9e":"2 minutes"},"schema":{"@context":"https:\/\/schema.org","@graph":[{"@type":"WebPage","@id":"https:\/\/dayfor.com\/fr\/produits\/armoires\/","url":"https:\/\/dayfor.com\/fr\/produits\/armoires\/","name":"Armoires - F\u00e1brica de Puertas | Dayfor","isPartOf":{"@id":"https:\/\/dayfor.com\/fr\/#website"},"primaryImageOfPage":{"@id":"https:\/\/dayfor.com\/fr\/produits\/armoires\/#primaryimage"},"image":{"@id":"https:\/\/dayfor.com\/fr\/produits\/armoires\/#primaryimage"},"thumbnailUrl":"https:\/\/dayfor.com\/wp-content\/uploads\/2025\/07\/Armario-3-1-1024x768.jpg","datePublished":"2023-05-15T08:58:54+00:00","dateModified":"2025-08-04T09:36:59+00:00","breadcrumb":{"@id":"https:\/\/dayfor.com\/fr\/produits\/armoires\/#breadcrumb"},"inLanguage":"fr-FR","potentialAction":[{"@type":"ReadAction","target":["https:\/\/dayfor.com\/fr\/produits\/armoires\/"]}]},{"@type":"ImageObject","inLanguage":"fr-FR","@id":"https:\/\/dayfor.com\/fr\/produits\/armoires\/#primaryimage","url":"https:\/\/dayfor.com\/wp-content\/uploads\/2025\/07\/Armario-3-1-1024x768.jpg","contentUrl":"https:\/\/dayfor.com\/wp-content\/uploads\/2025\/07\/Armario-3-1-1024x768.jpg"},{"@type":"BreadcrumbList","@id":"https:\/\/dayfor.com\/fr\/produits\/armoires\/#breadcrumb","itemListElement":[{"@type":"ListItem","position":1,"name":"Inicio","item":"https:\/\/dayfor.com\/fr\/"},{"@type":"ListItem","position":2,"name":"Produits","item":"https:\/\/dayfor.com\/fr\/catalogo-productos-fabrica-puertas\/"},{"@type":"ListItem","position":3,"name":"Armoires"}]},{"@type":"WebSite","@id":"https:\/\/dayfor.com\/fr\/#website","url":"https:\/\/dayfor.com\/fr\/","name":"F\u00e1brica de Puertas | Dayfor","description":"Puertas, Armarios, Molduras y Mamparas","publisher":{"@id":"https:\/\/dayfor.com\/fr\/#organization"},"potentialAction":[{"@type":"SearchAction","target":{"@type":"EntryPoint","urlTemplate":"https:\/\/dayfor.com\/fr\/?s={search_term_string}"},"query-input":{"@type":"PropertyValueSpecification","valueRequired":true,"valueName":"search_term_string"}}],"inLanguage":"fr-FR"},{"@type":"Organization","@id":"https:\/\/dayfor.com\/fr\/#organization","name":"F\u00e1brica de Puertas | Dayfor","url":"https:\/\/dayfor.com\/fr\/","logo":{"@type":"ImageObject","inLanguage":"fr-FR","@id":"https:\/\/dayfor.com\/fr\/#\/schema\/logo\/image\/","url":"https:\/\/dayfor.com\/wp-content\/uploads\/2023\/05\/cropped-favicon-dayfor.png","contentUrl":"https:\/\/dayfor.com\/wp-content\/uploads\/2023\/05\/cropped-favicon-dayfor.png","width":512,"height":512,"caption":"F\u00e1brica de Puertas | Dayfor"},"image":{"@id":"https:\/\/dayfor.com\/fr\/#\/schema\/logo\/image\/"},"sameAs":["https:\/\/www.facebook.com\/GRUPODAYFOR","https:\/\/x.com\/PuertasDayfor","https:\/\/www.instagram.com\/puertasdayfor\/","https:\/\/www.linkedin.com\/company\/puertas-dayfor-s-l-\/"]}]}},"_links":{"self":[{"href":"https:\/\/dayfor.com\/fr\/wp-json\/wp\/v2\/pages\/5760","targetHints":{"allow":["GET"]}}],"collection":[{"href":"https:\/\/dayfor.com\/fr\/wp-json\/wp\/v2\/pages"}],"about":[{"href":"https:\/\/dayfor.com\/fr\/wp-json\/wp\/v2\/types\/page"}],"author":[{"embeddable":true,"href":"https:\/\/dayfor.com\/fr\/wp-json\/wp\/v2\/users\/2"}],"replies":[{"embeddable":true,"href":"https:\/\/dayfor.com\/fr\/wp-json\/wp\/v2\/comments?post=5760"}],"version-history":[{"count":6,"href":"https:\/\/dayfor.com\/fr\/wp-json\/wp\/v2\/pages\/5760\/revisions"}],"predecessor-version":[{"id":7870,"href":"https:\/\/dayfor.com\/fr\/wp-json\/wp\/v2\/pages\/5760\/revisions\/7870"}],"up":[{"embeddable":true,"href":"https:\/\/dayfor.com\/fr\/wp-json\/wp\/v2\/pages\/5758"}],"wp:attachment":[{"href":"https:\/\/dayfor.com\/fr\/wp-json\/wp\/v2\/media?parent=5760"}],"curies":[{"name":"wp","href":"https:\/\/api.w.org\/{rel}","templated":true}]}}