{"id":5764,"date":"2023-05-15T11:01:12","date_gmt":"2023-05-15T09:01:12","guid":{"rendered":"https:\/\/dayfor.com\/produits\/panneaux-et-moulures\/"},"modified":"2025-12-17T10:42:52","modified_gmt":"2025-12-17T09:42:52","slug":"panneaux-et-moulures","status":"publish","type":"page","link":"https:\/\/dayfor.com\/fr\/produits\/panneaux-et-moulures\/","title":{"rendered":"Plinthes, moulures et plans de travail"},"content":{"rendered":"\t\t<div data-elementor-type=\"wp-page\" data-elementor-id=\"5764\" class=\"elementor elementor-5764 elementor-2993\" data-elementor-post-type=\"page\">\n\t\t\t\t\t\t<section class=\"elementor-section elementor-top-section elementor-element elementor-element-91e6afc elementor-section-boxed elementor-section-height-default elementor-section-height-default\" data-id=\"91e6afc\" data-element_type=\"section\" data-e-type=\"section\">\n\t\t\t\t\t\t<div class=\"elementor-container elementor-column-gap-default\">\n\t\t\t\t\t<div class=\"elementor-column elementor-col-100 elementor-top-column elementor-element elementor-element-cf4fc2b\" data-id=\"cf4fc2b\" data-element_type=\"column\" data-e-type=\"column\">\n\t\t\t<div class=\"elementor-widget-wrap elementor-element-populated\">\n\t\t\t\t\t\t<div class=\"elementor-element elementor-element-1a5c0de elementor-widget elementor-widget-breadcrumbs\" data-id=\"1a5c0de\" data-element_type=\"widget\" data-e-type=\"widget\" data-widget_type=\"breadcrumbs.default\">\n\t\t\t\t<div class=\"elementor-widget-container\">\n\t\t\t\t\t<p id=\"breadcrumbs\"><span><span><a href=\"https:\/\/dayfor.com\/fr\/\">Inicio<\/a><\/span><\/span><\/p>\t\t\t\t<\/div>\n\t\t\t\t<\/div>\n\t\t\t\t\t<\/div>\n\t\t<\/div>\n\t\t\t\t\t<\/div>\n\t\t<\/section>\n\t\t<div class=\"elementor-element elementor-element-0baa69f e-flex e-con-boxed e-con e-parent\" data-id=\"0baa69f\" data-element_type=\"container\" data-e-type=\"container\">\n\t\t\t\t\t<div class=\"e-con-inner\">\n\t\t<div class=\"elementor-element elementor-element-2628e6e e-con-full e-flex e-con e-child\" data-id=\"2628e6e\" data-element_type=\"container\" data-e-type=\"container\">\n\t\t\t\t<div class=\"elementor-element elementor-element-c4b11bd elementor-widget elementor-widget-image\" data-id=\"c4b11bd\" data-element_type=\"widget\" data-e-type=\"widget\" data-widget_type=\"image.default\">\n\t\t\t\t<div class=\"elementor-widget-container\">\n\t\t\t\t\t\t\t\t\t\t\t\t\t\t\t\t<a href=\"https:\/\/dayfor.com\/wp-content\/uploads\/2025\/12\/molduras-2.webp\" data-elementor-open-lightbox=\"yes\" data-e-action-hash=\"#elementor-action%3Aaction%3Dlightbox%26settings%3DeyJpZCI6ODE0MSwidXJsIjoiaHR0cHM6XC9cL2RheWZvci5jb21cL3dwLWNvbnRlbnRcL3VwbG9hZHNcLzIwMjVcLzEyXC9tb2xkdXJhcy0yLndlYnAifQ%3D%3D\">\n\t\t\t\t\t\t\t<img fetchpriority=\"high\" decoding=\"async\" width=\"640\" height=\"427\" src=\"https:\/\/dayfor.com\/wp-content\/uploads\/2025\/12\/molduras-2-1024x683.webp\" class=\"attachment-large size-large wp-image-8141\" alt=\"\" srcset=\"https:\/\/dayfor.com\/wp-content\/uploads\/2025\/12\/molduras-2-1024x683.webp 1024w, https:\/\/dayfor.com\/wp-content\/uploads\/2025\/12\/molduras-2-300x200.webp 300w, https:\/\/dayfor.com\/wp-content\/uploads\/2025\/12\/molduras-2-768x512.webp 768w, https:\/\/dayfor.com\/wp-content\/uploads\/2025\/12\/molduras-2.webp 1200w\" sizes=\"(max-width: 640px) 100vw, 640px\" \/>\t\t\t\t\t\t\t\t<\/a>\n\t\t\t\t\t\t\t\t\t\t\t\t\t\t\t<\/div>\n\t\t\t\t<\/div>\n\t\t\t\t<div class=\"elementor-element elementor-element-8b4292d elementor-widget elementor-widget-image\" data-id=\"8b4292d\" data-element_type=\"widget\" data-e-type=\"widget\" data-widget_type=\"image.default\">\n\t\t\t\t<div class=\"elementor-widget-container\">\n\t\t\t\t\t\t\t\t\t\t\t\t\t\t\t\t<a href=\"https:\/\/dayfor.com\/wp-content\/uploads\/2025\/12\/molduras-3.webp\" data-elementor-open-lightbox=\"yes\" data-e-action-hash=\"#elementor-action%3Aaction%3Dlightbox%26settings%3DeyJpZCI6ODE0NCwidXJsIjoiaHR0cHM6XC9cL2RheWZvci5jb21cL3dwLWNvbnRlbnRcL3VwbG9hZHNcLzIwMjVcLzEyXC9tb2xkdXJhcy0zLndlYnAifQ%3D%3D\">\n\t\t\t\t\t\t\t<img decoding=\"async\" width=\"640\" height=\"853\" src=\"https:\/\/dayfor.com\/wp-content\/uploads\/2025\/12\/molduras-3-768x1024.webp\" class=\"attachment-large size-large wp-image-8144\" alt=\"\" srcset=\"https:\/\/dayfor.com\/wp-content\/uploads\/2025\/12\/molduras-3-768x1024.webp 768w, https:\/\/dayfor.com\/wp-content\/uploads\/2025\/12\/molduras-3-225x300.webp 225w, https:\/\/dayfor.com\/wp-content\/uploads\/2025\/12\/molduras-3.webp 900w\" sizes=\"(max-width: 640px) 100vw, 640px\" \/>\t\t\t\t\t\t\t\t<\/a>\n\t\t\t\t\t\t\t\t\t\t\t\t\t\t\t<\/div>\n\t\t\t\t<\/div>\n\t\t\t\t<\/div>\n\t\t<div class=\"elementor-element elementor-element-1b4616a e-con-full e-flex e-con e-child\" data-id=\"1b4616a\" data-element_type=\"container\" data-e-type=\"container\">\n\t\t\t\t<div class=\"elementor-element elementor-element-4c99525 elementor-widget elementor-widget-heading\" data-id=\"4c99525\" data-element_type=\"widget\" data-e-type=\"widget\" data-widget_type=\"heading.default\">\n\t\t\t\t<div class=\"elementor-widget-container\">\n\t\t\t\t\t<h2 class=\"elementor-heading-title elementor-size-default\">Plinthes, moulures et plans de travail<\/h2>\t\t\t\t<\/div>\n\t\t\t\t<\/div>\n\t\t<div class=\"elementor-element elementor-element-3270060 e-con-full e-flex e-con e-child\" data-id=\"3270060\" data-element_type=\"container\" data-e-type=\"container\">\n\t\t\t\t<div class=\"elementor-element elementor-element-604b9a3 elementor-widget elementor-widget-text-editor\" data-id=\"604b9a3\" data-element_type=\"widget\" data-e-type=\"widget\" data-widget_type=\"text-editor.default\">\n\t\t\t\t<div class=\"elementor-widget-container\">\n\t\t\t\t\t\t\t\t\t<p class=\"p1\">Chez Dayfor, nous disposons d\u2019une section d\u00e9di\u00e9e \u00e0 diff\u00e9rents \u00e9l\u00e9ments postform\u00e9s qui accompagnent les portes et les armoires afin de composer une d\u00e9coration bois. Ce sont des pi\u00e8ces simples, bien qu\u2019elles puissent remplir des fonctions techniques sp\u00e9cifiques donnant du sens \u00e0 l\u2019espace.<\/p>\t\t\t\t\t\t\t\t<\/div>\n\t\t\t\t<\/div>\n\t\t\t\t<\/div>\n\t\t<div class=\"elementor-element elementor-element-a5d3c3e e-con-full e-flex e-con e-child\" data-id=\"a5d3c3e\" data-element_type=\"container\" data-e-type=\"container\">\n\t\t<div class=\"elementor-element elementor-element-7925097 e-con-full e-flex e-con e-child\" data-id=\"7925097\" data-element_type=\"container\" data-e-type=\"container\">\n\t\t\t\t<div class=\"elementor-element elementor-element-0e7e3da elementor-widget elementor-widget-text-editor\" data-id=\"0e7e3da\" data-element_type=\"widget\" data-e-type=\"widget\" data-widget_type=\"text-editor.default\">\n\t\t\t\t<div class=\"elementor-widget-container\">\n\t\t\t\t\t\t\t\t\t<p><strong>Huisseries et chambranles.<\/strong><br \/>Pour former le cadre de la porte, nous utilisons le MDF comme \u00e2me standard, bien que celle-ci puisse \u00eatre remplac\u00e9e par du MDF hydrofuge ou ignifuge, du pin about\u00e9, ou du contreplaqu\u00e9. L\u2019ensemble est rev\u00eatu de nos finitions lamin\u00e9es en HPL, CPL ou m\u00e9lamine, de <u>placages<\/u> naturels ou reconstitu\u00e9s vernis ou teint\u00e9s, et de m\u00e9lamine <u>laqu\u00e9e<\/u>. Pour les portes en placage, on peut choisir du bois massif, et pour les stratifi\u00e9s, une huisserie et des chambranles en compact ph\u00e9nolique.<\/p><p>De plus, nous pouvons ajouter diff\u00e9rentes caract\u00e9ristiques, comme un mod\u00e8le extensible, un postformage en forme de \u00ab L \u00bb ou de double \u00ab L \u00bb, avec des chants droits ou postform\u00e9s.<\/p><p><strong>Plinthes et autres moulures d\u00e9coratives.<\/strong><\/p><p>Nous fabriquons des moulures de diff\u00e9rentes formes, parmi lesquelles les plus courantes sont les plinthes. Leurs finitions et leurs \u00e2mes peuvent \u00eatre configur\u00e9es de la m\u00eame mani\u00e8re que les huisseries et les chambranles.<\/p>\t\t\t\t\t\t\t\t<\/div>\n\t\t\t\t<\/div>\n\t\t\t\t<\/div>\n\t\t<div class=\"elementor-element elementor-element-d64cff4 e-con-full e-flex e-con e-child\" data-id=\"d64cff4\" data-element_type=\"container\" data-e-type=\"container\">\n\t\t\t\t<div class=\"elementor-element elementor-element-85c22ab elementor-widget elementor-widget-text-editor\" data-id=\"85c22ab\" data-element_type=\"widget\" data-e-type=\"widget\" data-widget_type=\"text-editor.default\">\n\t\t\t\t<div class=\"elementor-widget-container\">\n\t\t\t\t\t\t\t\t\t<p><strong>Plans de travail.<\/strong><br \/>Nos plans de travail pour cuisines ou lavabos sont fabriqu\u00e9s en compact ph\u00e9nolique ou en HPL. Les premiers sont id\u00e9aux pour les environnements humides gr\u00e2ce \u00e0 leur r\u00e9sistance \u00e0 l\u2019eau, leur hygi\u00e8ne et leur facilit\u00e9 de nettoyage. La configuration en HPL est plus personnalisable, notamment au niveau de l\u2019\u00e2me, des chants et des designs.<\/p><p><br \/><strong>Mat\u00e9riau durable.<br \/><\/strong> Nos mat\u00e9riaux et finitions sont disponibles avec une\u00a0<a class=\"reset interactable cursor-pointer decoration-1 underline-offset-1 text-super hover:underline font-semibold\" href=\"https:\/\/www.perplexity.ai\/search\/traduce-al-ingles-y-frances-lo-gjJAPX7GRTqxv6kMTaGd6g#\" target=\"_blank\" rel=\"nofollow noopener\"><span class=\"text-box-trim-both\">cha\u00eene de contr\u00f4le FSC<\/span><\/a>\u00a0pour une gestion foresti\u00e8re responsable.<\/p>\t\t\t\t\t\t\t\t<\/div>\n\t\t\t\t<\/div>\n\t\t\t\t<\/div>\n\t\t\t\t<\/div>\n\t\t\t\t<\/div>\n\t\t\t\t\t<\/div>\n\t\t\t\t<\/div>\n\t\t\t\t<\/div>\n\t\t","protected":false},"excerpt":{"rendered":"<p>Chez Dayfor, nous disposons d\u2019une section d\u00e9di\u00e9e \u00e0 diff\u00e9rents \u00e9l\u00e9ments postform\u00e9s qui accompagnent les portes et les armoires afin de composer une d\u00e9coration bois. Ce sont des pi\u00e8ces simples, bien qu\u2019elles puissent remplir des fonctions techniques sp\u00e9cifiques donnant du sens \u00e0 l\u2019espace. Huisseries et chambranles.Pour former le cadre de la porte, nous utilisons le MDF [&hellip;]<\/p>\n","protected":false},"author":2,"featured_media":8138,"parent":5758,"menu_order":0,"comment_status":"closed","ping_status":"closed","template":"","meta":{"_acf_changed":false,"inline_featured_image":false,"footnotes":""},"class_list":["post-5764","page","type-page","status-publish","has-post-thumbnail","hentry"],"acf":[],"yoast_head":"<!-- This site is optimized with the Yoast SEO plugin v27.4 - https:\/\/yoast.com\/product\/yoast-seo-wordpress\/ -->\n<title>Plinthes, moulures et plans de travail - F\u00e1brica de Puertas | Dayfor<\/title>\n<meta name=\"robots\" content=\"index, follow, max-snippet:-1, max-image-preview:large, max-video-preview:-1\" \/>\n<link rel=\"canonical\" href=\"https:\/\/dayfor.com\/fr\/produits\/panneaux-et-moulures\/\" \/>\n<meta property=\"og:locale\" content=\"fr_FR\" \/>\n<meta property=\"og:type\" content=\"article\" \/>\n<meta property=\"og:title\" content=\"Plinthes, moulures et plans de travail - F\u00e1brica de Puertas | Dayfor\" \/>\n<meta property=\"og:description\" content=\"Chez Dayfor, nous disposons d\u2019une section d\u00e9di\u00e9e \u00e0 diff\u00e9rents \u00e9l\u00e9ments postform\u00e9s qui accompagnent les portes et les armoires afin de composer une d\u00e9coration bois. Ce sont des pi\u00e8ces simples, bien qu\u2019elles puissent remplir des fonctions techniques sp\u00e9cifiques donnant du sens \u00e0 l\u2019espace. Huisseries et chambranles.Pour former le cadre de la porte, nous utilisons le MDF [&hellip;]\" \/>\n<meta property=\"og:url\" content=\"https:\/\/dayfor.com\/fr\/produits\/panneaux-et-moulures\/\" \/>\n<meta property=\"og:site_name\" content=\"F\u00e1brica de Puertas | Dayfor\" \/>\n<meta property=\"article:publisher\" content=\"https:\/\/www.facebook.com\/GRUPODAYFOR\" \/>\n<meta property=\"article:modified_time\" content=\"2025-12-17T09:42:52+00:00\" \/>\n<meta property=\"og:image\" content=\"https:\/\/dayfor.com\/wp-content\/uploads\/2025\/12\/molduras-1.webp\" \/>\n\t<meta property=\"og:image:width\" content=\"1133\" \/>\n\t<meta property=\"og:image:height\" content=\"1200\" \/>\n\t<meta property=\"og:image:type\" content=\"image\/webp\" \/>\n<meta name=\"twitter:card\" content=\"summary_large_image\" \/>\n<meta name=\"twitter:site\" content=\"@PuertasDayfor\" \/>\n<meta name=\"twitter:label1\" content=\"Dur\u00e9e de lecture estim\u00e9e\" \/>\n\t<meta name=\"twitter:data1\" content=\"2 minutes\" \/>\n<script type=\"application\/ld+json\" class=\"yoast-schema-graph\">{\"@context\":\"https:\\\/\\\/schema.org\",\"@graph\":[{\"@type\":\"WebPage\",\"@id\":\"https:\\\/\\\/dayfor.com\\\/fr\\\/produits\\\/panneaux-et-moulures\\\/\",\"url\":\"https:\\\/\\\/dayfor.com\\\/fr\\\/produits\\\/panneaux-et-moulures\\\/\",\"name\":\"Plinthes, moulures et plans de travail - F\u00e1brica de Puertas | Dayfor\",\"isPartOf\":{\"@id\":\"https:\\\/\\\/dayfor.com\\\/fr\\\/#website\"},\"primaryImageOfPage\":{\"@id\":\"https:\\\/\\\/dayfor.com\\\/fr\\\/produits\\\/panneaux-et-moulures\\\/#primaryimage\"},\"image\":{\"@id\":\"https:\\\/\\\/dayfor.com\\\/fr\\\/produits\\\/panneaux-et-moulures\\\/#primaryimage\"},\"thumbnailUrl\":\"https:\\\/\\\/dayfor.com\\\/wp-content\\\/uploads\\\/2025\\\/12\\\/molduras-1.webp\",\"datePublished\":\"2023-05-15T09:01:12+00:00\",\"dateModified\":\"2025-12-17T09:42:52+00:00\",\"breadcrumb\":{\"@id\":\"https:\\\/\\\/dayfor.com\\\/fr\\\/produits\\\/panneaux-et-moulures\\\/#breadcrumb\"},\"inLanguage\":\"fr-FR\",\"potentialAction\":[{\"@type\":\"ReadAction\",\"target\":[\"https:\\\/\\\/dayfor.com\\\/fr\\\/produits\\\/panneaux-et-moulures\\\/\"]}]},{\"@type\":\"ImageObject\",\"inLanguage\":\"fr-FR\",\"@id\":\"https:\\\/\\\/dayfor.com\\\/fr\\\/produits\\\/panneaux-et-moulures\\\/#primaryimage\",\"url\":\"https:\\\/\\\/dayfor.com\\\/wp-content\\\/uploads\\\/2025\\\/12\\\/molduras-1.webp\",\"contentUrl\":\"https:\\\/\\\/dayfor.com\\\/wp-content\\\/uploads\\\/2025\\\/12\\\/molduras-1.webp\",\"width\":1133,\"height\":1200},{\"@type\":\"BreadcrumbList\",\"@id\":\"https:\\\/\\\/dayfor.com\\\/fr\\\/produits\\\/panneaux-et-moulures\\\/#breadcrumb\",\"itemListElement\":[{\"@type\":\"ListItem\",\"position\":1,\"name\":\"Inicio\",\"item\":\"https:\\\/\\\/dayfor.com\\\/fr\\\/\"},{\"@type\":\"ListItem\",\"position\":2,\"name\":\"Produits\",\"item\":\"https:\\\/\\\/dayfor.com\\\/fr\\\/catalogo-productos-fabrica-puertas\\\/\"},{\"@type\":\"ListItem\",\"position\":3,\"name\":\"Plinthes, moulures et plans de travail\"}]},{\"@type\":\"WebSite\",\"@id\":\"https:\\\/\\\/dayfor.com\\\/fr\\\/#website\",\"url\":\"https:\\\/\\\/dayfor.com\\\/fr\\\/\",\"name\":\"F\u00e1brica de Puertas | Dayfor\",\"description\":\"Puertas, Armarios, Molduras y Mamparas\",\"publisher\":{\"@id\":\"https:\\\/\\\/dayfor.com\\\/fr\\\/#organization\"},\"potentialAction\":[{\"@type\":\"SearchAction\",\"target\":{\"@type\":\"EntryPoint\",\"urlTemplate\":\"https:\\\/\\\/dayfor.com\\\/fr\\\/?s={search_term_string}\"},\"query-input\":{\"@type\":\"PropertyValueSpecification\",\"valueRequired\":true,\"valueName\":\"search_term_string\"}}],\"inLanguage\":\"fr-FR\"},{\"@type\":\"Organization\",\"@id\":\"https:\\\/\\\/dayfor.com\\\/fr\\\/#organization\",\"name\":\"F\u00e1brica de Puertas | Dayfor\",\"url\":\"https:\\\/\\\/dayfor.com\\\/fr\\\/\",\"logo\":{\"@type\":\"ImageObject\",\"inLanguage\":\"fr-FR\",\"@id\":\"https:\\\/\\\/dayfor.com\\\/fr\\\/#\\\/schema\\\/logo\\\/image\\\/\",\"url\":\"https:\\\/\\\/dayfor.com\\\/wp-content\\\/uploads\\\/2023\\\/05\\\/cropped-favicon-dayfor.png\",\"contentUrl\":\"https:\\\/\\\/dayfor.com\\\/wp-content\\\/uploads\\\/2023\\\/05\\\/cropped-favicon-dayfor.png\",\"width\":512,\"height\":512,\"caption\":\"F\u00e1brica de Puertas | Dayfor\"},\"image\":{\"@id\":\"https:\\\/\\\/dayfor.com\\\/fr\\\/#\\\/schema\\\/logo\\\/image\\\/\"},\"sameAs\":[\"https:\\\/\\\/www.facebook.com\\\/GRUPODAYFOR\",\"https:\\\/\\\/x.com\\\/PuertasDayfor\",\"https:\\\/\\\/www.instagram.com\\\/puertasdayfor\\\/\",\"https:\\\/\\\/www.linkedin.com\\\/company\\\/puertas-dayfor-s-l-\\\/\"]}]}<\/script>\n<!-- \/ Yoast SEO plugin. -->","yoast_head_json":{"title":"Plinthes, moulures et plans de travail - F\u00e1brica de Puertas | Dayfor","robots":{"index":"index","follow":"follow","max-snippet":"max-snippet:-1","max-image-preview":"max-image-preview:large","max-video-preview":"max-video-preview:-1"},"canonical":"https:\/\/dayfor.com\/fr\/produits\/panneaux-et-moulures\/","og_locale":"fr_FR","og_type":"article","og_title":"Plinthes, moulures et plans de travail - F\u00e1brica de Puertas | Dayfor","og_description":"Chez Dayfor, nous disposons d\u2019une section d\u00e9di\u00e9e \u00e0 diff\u00e9rents \u00e9l\u00e9ments postform\u00e9s qui accompagnent les portes et les armoires afin de composer une d\u00e9coration bois. Ce sont des pi\u00e8ces simples, bien qu\u2019elles puissent remplir des fonctions techniques sp\u00e9cifiques donnant du sens \u00e0 l\u2019espace. Huisseries et chambranles.Pour former le cadre de la porte, nous utilisons le MDF [&hellip;]","og_url":"https:\/\/dayfor.com\/fr\/produits\/panneaux-et-moulures\/","og_site_name":"F\u00e1brica de Puertas | Dayfor","article_publisher":"https:\/\/www.facebook.com\/GRUPODAYFOR","article_modified_time":"2025-12-17T09:42:52+00:00","og_image":[{"width":1133,"height":1200,"url":"https:\/\/dayfor.com\/wp-content\/uploads\/2025\/12\/molduras-1.webp","type":"image\/webp"}],"twitter_card":"summary_large_image","twitter_site":"@PuertasDayfor","twitter_misc":{"Dur\u00e9e de lecture estim\u00e9e":"2 minutes"},"schema":{"@context":"https:\/\/schema.org","@graph":[{"@type":"WebPage","@id":"https:\/\/dayfor.com\/fr\/produits\/panneaux-et-moulures\/","url":"https:\/\/dayfor.com\/fr\/produits\/panneaux-et-moulures\/","name":"Plinthes, moulures et plans de travail - F\u00e1brica de Puertas | Dayfor","isPartOf":{"@id":"https:\/\/dayfor.com\/fr\/#website"},"primaryImageOfPage":{"@id":"https:\/\/dayfor.com\/fr\/produits\/panneaux-et-moulures\/#primaryimage"},"image":{"@id":"https:\/\/dayfor.com\/fr\/produits\/panneaux-et-moulures\/#primaryimage"},"thumbnailUrl":"https:\/\/dayfor.com\/wp-content\/uploads\/2025\/12\/molduras-1.webp","datePublished":"2023-05-15T09:01:12+00:00","dateModified":"2025-12-17T09:42:52+00:00","breadcrumb":{"@id":"https:\/\/dayfor.com\/fr\/produits\/panneaux-et-moulures\/#breadcrumb"},"inLanguage":"fr-FR","potentialAction":[{"@type":"ReadAction","target":["https:\/\/dayfor.com\/fr\/produits\/panneaux-et-moulures\/"]}]},{"@type":"ImageObject","inLanguage":"fr-FR","@id":"https:\/\/dayfor.com\/fr\/produits\/panneaux-et-moulures\/#primaryimage","url":"https:\/\/dayfor.com\/wp-content\/uploads\/2025\/12\/molduras-1.webp","contentUrl":"https:\/\/dayfor.com\/wp-content\/uploads\/2025\/12\/molduras-1.webp","width":1133,"height":1200},{"@type":"BreadcrumbList","@id":"https:\/\/dayfor.com\/fr\/produits\/panneaux-et-moulures\/#breadcrumb","itemListElement":[{"@type":"ListItem","position":1,"name":"Inicio","item":"https:\/\/dayfor.com\/fr\/"},{"@type":"ListItem","position":2,"name":"Produits","item":"https:\/\/dayfor.com\/fr\/catalogo-productos-fabrica-puertas\/"},{"@type":"ListItem","position":3,"name":"Plinthes, moulures et plans de travail"}]},{"@type":"WebSite","@id":"https:\/\/dayfor.com\/fr\/#website","url":"https:\/\/dayfor.com\/fr\/","name":"F\u00e1brica de Puertas | Dayfor","description":"Puertas, Armarios, Molduras y Mamparas","publisher":{"@id":"https:\/\/dayfor.com\/fr\/#organization"},"potentialAction":[{"@type":"SearchAction","target":{"@type":"EntryPoint","urlTemplate":"https:\/\/dayfor.com\/fr\/?s={search_term_string}"},"query-input":{"@type":"PropertyValueSpecification","valueRequired":true,"valueName":"search_term_string"}}],"inLanguage":"fr-FR"},{"@type":"Organization","@id":"https:\/\/dayfor.com\/fr\/#organization","name":"F\u00e1brica de Puertas | Dayfor","url":"https:\/\/dayfor.com\/fr\/","logo":{"@type":"ImageObject","inLanguage":"fr-FR","@id":"https:\/\/dayfor.com\/fr\/#\/schema\/logo\/image\/","url":"https:\/\/dayfor.com\/wp-content\/uploads\/2023\/05\/cropped-favicon-dayfor.png","contentUrl":"https:\/\/dayfor.com\/wp-content\/uploads\/2023\/05\/cropped-favicon-dayfor.png","width":512,"height":512,"caption":"F\u00e1brica de Puertas | Dayfor"},"image":{"@id":"https:\/\/dayfor.com\/fr\/#\/schema\/logo\/image\/"},"sameAs":["https:\/\/www.facebook.com\/GRUPODAYFOR","https:\/\/x.com\/PuertasDayfor","https:\/\/www.instagram.com\/puertasdayfor\/","https:\/\/www.linkedin.com\/company\/puertas-dayfor-s-l-\/"]}]}},"_links":{"self":[{"href":"https:\/\/dayfor.com\/fr\/wp-json\/wp\/v2\/pages\/5764","targetHints":{"allow":["GET"]}}],"collection":[{"href":"https:\/\/dayfor.com\/fr\/wp-json\/wp\/v2\/pages"}],"about":[{"href":"https:\/\/dayfor.com\/fr\/wp-json\/wp\/v2\/types\/page"}],"author":[{"embeddable":true,"href":"https:\/\/dayfor.com\/fr\/wp-json\/wp\/v2\/users\/2"}],"replies":[{"embeddable":true,"href":"https:\/\/dayfor.com\/fr\/wp-json\/wp\/v2\/comments?post=5764"}],"version-history":[{"count":4,"href":"https:\/\/dayfor.com\/fr\/wp-json\/wp\/v2\/pages\/5764\/revisions"}],"predecessor-version":[{"id":8202,"href":"https:\/\/dayfor.com\/fr\/wp-json\/wp\/v2\/pages\/5764\/revisions\/8202"}],"up":[{"embeddable":true,"href":"https:\/\/dayfor.com\/fr\/wp-json\/wp\/v2\/pages\/5758"}],"wp:featuredmedia":[{"embeddable":true,"href":"https:\/\/dayfor.com\/fr\/wp-json\/wp\/v2\/media\/8138"}],"wp:attachment":[{"href":"https:\/\/dayfor.com\/fr\/wp-json\/wp\/v2\/media?parent=5764"}],"curies":[{"name":"wp","href":"https:\/\/api.w.org\/{rel}","templated":true}]}}