{"id":5766,"date":"2023-05-15T11:04:16","date_gmt":"2023-05-15T09:04:16","guid":{"rendered":"https:\/\/dayfor.com\/produits\/cloisons\/"},"modified":"2025-08-04T11:32:50","modified_gmt":"2025-08-04T09:32:50","slug":"cloisons","status":"publish","type":"page","link":"https:\/\/dayfor.com\/fr\/produits\/cloisons\/","title":{"rendered":"Cloisons"},"content":{"rendered":"\t\t<div data-elementor-type=\"wp-page\" data-elementor-id=\"5766\" class=\"elementor elementor-5766 elementor-2999\" data-elementor-post-type=\"page\">\n\t\t\t\t\t\t<section class=\"elementor-section elementor-top-section elementor-element elementor-element-91e6afc elementor-section-boxed elementor-section-height-default elementor-section-height-default\" data-id=\"91e6afc\" data-element_type=\"section\" data-e-type=\"section\">\n\t\t\t\t\t\t<div class=\"elementor-container elementor-column-gap-default\">\n\t\t\t\t\t<div class=\"elementor-column elementor-col-100 elementor-top-column elementor-element elementor-element-cf4fc2b\" data-id=\"cf4fc2b\" data-element_type=\"column\" data-e-type=\"column\">\n\t\t\t<div class=\"elementor-widget-wrap elementor-element-populated\">\n\t\t\t\t\t\t<div class=\"elementor-element elementor-element-1a5c0de elementor-widget elementor-widget-breadcrumbs\" data-id=\"1a5c0de\" data-element_type=\"widget\" data-e-type=\"widget\" data-widget_type=\"breadcrumbs.default\">\n\t\t\t\t<div class=\"elementor-widget-container\">\n\t\t\t\t\t<p id=\"breadcrumbs\"><span><span><a href=\"https:\/\/dayfor.com\/fr\/\">Inicio<\/a><\/span><\/span><\/p>\t\t\t\t<\/div>\n\t\t\t\t<\/div>\n\t\t\t\t\t<\/div>\n\t\t<\/div>\n\t\t\t\t\t<\/div>\n\t\t<\/section>\n\t\t<div class=\"elementor-element elementor-element-e18d860 e-flex e-con-boxed e-con e-parent\" data-id=\"e18d860\" data-element_type=\"container\" data-e-type=\"container\">\n\t\t\t\t\t<div class=\"e-con-inner\">\n\t\t<div class=\"elementor-element elementor-element-8636ec3 e-con-full e-flex e-con e-child\" data-id=\"8636ec3\" data-element_type=\"container\" data-e-type=\"container\">\n\t\t\t\t<div class=\"elementor-element elementor-element-16ec1a6 elementor-widget elementor-widget-image\" data-id=\"16ec1a6\" data-element_type=\"widget\" data-e-type=\"widget\" data-widget_type=\"image.default\">\n\t\t\t\t<div class=\"elementor-widget-container\">\n\t\t\t\t\t\t\t\t\t\t\t\t\t\t\t\t<a href=\"https:\/\/dayfor.com\/wp-content\/uploads\/2024\/10\/mamparas-y-cabinas-de-aseo.jpeg\" data-elementor-open-lightbox=\"yes\" data-e-action-hash=\"#elementor-action%3Aaction%3Dlightbox%26settings%3DeyJpZCI6NzExMCwidXJsIjoiaHR0cHM6XC9cL2RheWZvci5jb21cL3dwLWNvbnRlbnRcL3VwbG9hZHNcLzIwMjRcLzEwXC9tYW1wYXJhcy15LWNhYmluYXMtZGUtYXNlby5qcGVnIn0%3D\">\n\t\t\t\t\t\t\t<img fetchpriority=\"high\" decoding=\"async\" width=\"1600\" height=\"1089\" src=\"https:\/\/dayfor.com\/wp-content\/uploads\/2024\/10\/mamparas-y-cabinas-de-aseo.jpeg\" class=\"attachment-full size-full wp-image-7110\" alt=\"mamparas-y-cabinas-de-aseo\" srcset=\"https:\/\/dayfor.com\/wp-content\/uploads\/2024\/10\/mamparas-y-cabinas-de-aseo.jpeg 1600w, https:\/\/dayfor.com\/wp-content\/uploads\/2024\/10\/mamparas-y-cabinas-de-aseo-300x204.jpeg 300w, https:\/\/dayfor.com\/wp-content\/uploads\/2024\/10\/mamparas-y-cabinas-de-aseo-1024x697.jpeg 1024w, https:\/\/dayfor.com\/wp-content\/uploads\/2024\/10\/mamparas-y-cabinas-de-aseo-768x523.jpeg 768w, https:\/\/dayfor.com\/wp-content\/uploads\/2024\/10\/mamparas-y-cabinas-de-aseo-1536x1045.jpeg 1536w\" sizes=\"(max-width: 1600px) 100vw, 1600px\" \/>\t\t\t\t\t\t\t\t<\/a>\n\t\t\t\t\t\t\t\t\t\t\t\t\t\t\t<\/div>\n\t\t\t\t<\/div>\n\t\t\t\t<div class=\"elementor-element elementor-element-5a57665 elementor-widget elementor-widget-image\" data-id=\"5a57665\" data-element_type=\"widget\" data-e-type=\"widget\" data-widget_type=\"image.default\">\n\t\t\t\t<div class=\"elementor-widget-container\">\n\t\t\t\t\t\t\t\t\t\t\t\t\t\t\t\t<a href=\"https:\/\/dayfor.com\/wp-content\/uploads\/2025\/07\/Mampara-1.jpg\" data-elementor-open-lightbox=\"yes\" data-e-action-hash=\"#elementor-action%3Aaction%3Dlightbox%26settings%3DeyJpZCI6NzczOCwidXJsIjoiaHR0cHM6XC9cL2RheWZvci5jb21cL3dwLWNvbnRlbnRcL3VwbG9hZHNcLzIwMjVcLzA3XC9NYW1wYXJhLTEuanBnIn0%3D\">\n\t\t\t\t\t\t\t<img decoding=\"async\" width=\"1200\" height=\"800\" src=\"https:\/\/dayfor.com\/wp-content\/uploads\/2025\/07\/Mampara-1.jpg\" class=\"attachment-full size-full wp-image-7738\" alt=\"\" srcset=\"https:\/\/dayfor.com\/wp-content\/uploads\/2025\/07\/Mampara-1.jpg 1200w, https:\/\/dayfor.com\/wp-content\/uploads\/2025\/07\/Mampara-1-300x200.jpg 300w, https:\/\/dayfor.com\/wp-content\/uploads\/2025\/07\/Mampara-1-1024x683.jpg 1024w, https:\/\/dayfor.com\/wp-content\/uploads\/2025\/07\/Mampara-1-768x512.jpg 768w\" sizes=\"(max-width: 1200px) 100vw, 1200px\" \/>\t\t\t\t\t\t\t\t<\/a>\n\t\t\t\t\t\t\t\t\t\t\t\t\t\t\t<\/div>\n\t\t\t\t<\/div>\n\t\t\t\t<div class=\"elementor-element elementor-element-d62c9bb elementor-widget elementor-widget-image\" data-id=\"d62c9bb\" data-element_type=\"widget\" data-e-type=\"widget\" data-widget_type=\"image.default\">\n\t\t\t\t<div class=\"elementor-widget-container\">\n\t\t\t\t\t\t\t\t\t\t\t\t\t\t\t\t<a href=\"https:\/\/dayfor.com\/wp-content\/uploads\/2025\/08\/Mampara.jpg\" data-elementor-open-lightbox=\"yes\" data-e-action-hash=\"#elementor-action%3Aaction%3Dlightbox%26settings%3DeyJpZCI6NzgyMCwidXJsIjoiaHR0cHM6XC9cL2RheWZvci5jb21cL3dwLWNvbnRlbnRcL3VwbG9hZHNcLzIwMjVcLzA4XC9NYW1wYXJhLmpwZyJ9\">\n\t\t\t\t\t\t\t<img decoding=\"async\" width=\"1300\" height=\"1950\" src=\"https:\/\/dayfor.com\/wp-content\/uploads\/2025\/08\/Mampara.jpg\" class=\"attachment-full size-full wp-image-7820\" alt=\"\" srcset=\"https:\/\/dayfor.com\/wp-content\/uploads\/2025\/08\/Mampara.jpg 1300w, https:\/\/dayfor.com\/wp-content\/uploads\/2025\/08\/Mampara-200x300.jpg 200w, https:\/\/dayfor.com\/wp-content\/uploads\/2025\/08\/Mampara-683x1024.jpg 683w, https:\/\/dayfor.com\/wp-content\/uploads\/2025\/08\/Mampara-768x1152.jpg 768w, https:\/\/dayfor.com\/wp-content\/uploads\/2025\/08\/Mampara-1024x1536.jpg 1024w\" sizes=\"(max-width: 1300px) 100vw, 1300px\" \/>\t\t\t\t\t\t\t\t<\/a>\n\t\t\t\t\t\t\t\t\t\t\t\t\t\t\t<\/div>\n\t\t\t\t<\/div>\n\t\t\t\t<\/div>\n\t\t<div class=\"elementor-element elementor-element-9285f94 e-con-full e-flex e-con e-child\" data-id=\"9285f94\" data-element_type=\"container\" data-e-type=\"container\">\n\t\t\t\t<div class=\"elementor-element elementor-element-bb50848 elementor-widget elementor-widget-heading\" data-id=\"bb50848\" data-element_type=\"widget\" data-e-type=\"widget\" data-widget_type=\"heading.default\">\n\t\t\t\t<div class=\"elementor-widget-container\">\n\t\t\t\t\t<h2 class=\"elementor-heading-title elementor-size-default\">Cloisons<\/h2>\t\t\t\t<\/div>\n\t\t\t\t<\/div>\n\t\t<div class=\"elementor-element elementor-element-7b8cdd1 e-con-full e-flex e-con e-child\" data-id=\"7b8cdd1\" data-element_type=\"container\" data-e-type=\"container\">\n\t\t<div class=\"elementor-element elementor-element-7285b9b e-con-full e-flex e-con e-child\" data-id=\"7285b9b\" data-element_type=\"container\" data-e-type=\"container\">\n\t\t\t\t<div class=\"elementor-element elementor-element-7dbeba0 elementor-widget elementor-widget-text-editor\" data-id=\"7dbeba0\" data-element_type=\"widget\" data-e-type=\"widget\" data-widget_type=\"text-editor.default\">\n\t\t\t\t<div class=\"elementor-widget-container\">\n\t\t\t\t\t\t\t\t\t<p>Au sein de la division cloisons de Dayfor, nous avons inclus deux produits similaires avec des objectifs tr\u00e8s diff\u00e9rents : les \u00e9crans de baignoire et les \u00e9crans de cloison.<\/p>\n\t\t\t\t\t\t\t\t<\/div>\n\t\t\t\t<\/div>\n\t\t\t\t<\/div>\n\t\t\t\t<\/div>\n\t\t<div class=\"elementor-element elementor-element-2b4e885 e-con-full e-flex e-con e-child\" data-id=\"2b4e885\" data-element_type=\"container\" data-e-type=\"container\">\n\t\t<div class=\"elementor-element elementor-element-b1dac90 e-con-full e-flex e-con e-child\" data-id=\"b1dac90\" data-element_type=\"container\" data-e-type=\"container\">\n\t\t\t\t<div class=\"elementor-element elementor-element-b41ab31 elementor-widget elementor-widget-text-editor\" data-id=\"b41ab31\" data-element_type=\"widget\" data-e-type=\"widget\" data-widget_type=\"text-editor.default\">\n\t\t\t\t<div class=\"elementor-widget-container\">\n\t\t\t\t\t\t\t\t\t<p><strong>\u00c9crans de salle de bains.<\/strong><\/p>\n<p>Les \u00e9crans sont fabriqu\u00e9s en ph\u00e9nolique compact de 12 mm, qui n&rsquo;absorbe ni les odeurs ni l&rsquo;humidit\u00e9 et qui est tr\u00e8s r\u00e9sistant aux chocs. Les profils peuvent \u00eatre fabriqu\u00e9s en acier inoxydable, en aluminium ou en nylon. Nous nous adaptons \u00e0 toute ouverture en configurant le nombre de portes, de s\u00e9parations et de c\u00f4t\u00e9s, ainsi que leurs dimensions.<\/p>\n\t\t\t\t\t\t\t\t<\/div>\n\t\t\t\t<\/div>\n\t\t\t\t<\/div>\n\t\t<div class=\"elementor-element elementor-element-88b8278 e-con-full e-flex e-con e-child\" data-id=\"88b8278\" data-element_type=\"container\" data-e-type=\"container\">\n\t\t\t\t<div class=\"elementor-element elementor-element-5b8542b elementor-widget elementor-widget-text-editor\" data-id=\"5b8542b\" data-element_type=\"widget\" data-e-type=\"widget\" data-widget_type=\"text-editor.default\">\n\t\t\t\t<div class=\"elementor-widget-container\">\n\t\t\t\t\t\t\t\t\t<p><strong>Cloisons de s\u00e9paration.<\/strong><\/p>\n<p>Il s&rsquo;agit de cloisons personnalis\u00e9es avec finition en HPL pour le cloisonnement int\u00e9rieur gr\u00e2ce \u00e0 un syst\u00e8me con\u00e7u et fabriqu\u00e9 par nos soins. Il se compose de socles, de piliers, de portes, de panneaux et de divers \u00e9l\u00e9ments destin\u00e9s \u00e0 accueillir le verre pour les zones vitr\u00e9es.<\/p>\n\t\t\t\t\t\t\t\t<\/div>\n\t\t\t\t<\/div>\n\t\t\t\t<\/div>\n\t\t\t\t<\/div>\n\t\t\t\t<\/div>\n\t\t\t\t\t<\/div>\n\t\t\t\t<\/div>\n\t\t\t\t<\/div>\n\t\t","protected":false},"excerpt":{"rendered":"<p>Au sein de la division cloisons de Dayfor, nous avons inclus deux produits similaires avec des objectifs tr\u00e8s diff\u00e9rents : les \u00e9crans de baignoire et les \u00e9crans de cloison. \u00c9crans de salle de bains. Les \u00e9crans sont fabriqu\u00e9s en ph\u00e9nolique compact de 12 mm, qui n&rsquo;absorbe ni les odeurs ni l&rsquo;humidit\u00e9 et qui est tr\u00e8s [&hellip;]<\/p>\n","protected":false},"author":2,"featured_media":5339,"parent":5758,"menu_order":0,"comment_status":"closed","ping_status":"closed","template":"","meta":{"_acf_changed":false,"inline_featured_image":false,"footnotes":""},"class_list":["post-5766","page","type-page","status-publish","has-post-thumbnail","hentry"],"acf":[],"yoast_head":"<!-- This site is optimized with the Yoast SEO plugin v27.5 - https:\/\/yoast.com\/product\/yoast-seo-wordpress\/ -->\n<title>Cloisons - F\u00e1brica de Puertas | Dayfor<\/title>\n<meta name=\"robots\" content=\"index, follow, max-snippet:-1, max-image-preview:large, max-video-preview:-1\" \/>\n<link rel=\"canonical\" href=\"https:\/\/dayfor.com\/fr\/produits\/cloisons\/\" \/>\n<meta property=\"og:locale\" content=\"fr_FR\" \/>\n<meta property=\"og:type\" content=\"article\" \/>\n<meta property=\"og:title\" content=\"Cloisons - F\u00e1brica de Puertas | Dayfor\" \/>\n<meta property=\"og:description\" content=\"Au sein de la division cloisons de Dayfor, nous avons inclus deux produits similaires avec des objectifs tr\u00e8s diff\u00e9rents : les \u00e9crans de baignoire et les \u00e9crans de cloison. \u00c9crans de salle de bains. Les \u00e9crans sont fabriqu\u00e9s en ph\u00e9nolique compact de 12 mm, qui n&rsquo;absorbe ni les odeurs ni l&rsquo;humidit\u00e9 et qui est tr\u00e8s [&hellip;]\" \/>\n<meta property=\"og:url\" content=\"https:\/\/dayfor.com\/fr\/produits\/cloisons\/\" \/>\n<meta property=\"og:site_name\" content=\"F\u00e1brica de Puertas | Dayfor\" \/>\n<meta property=\"article:publisher\" content=\"https:\/\/www.facebook.com\/GRUPODAYFOR\" \/>\n<meta property=\"article:modified_time\" content=\"2025-08-04T09:32:50+00:00\" \/>\n<meta property=\"og:image\" content=\"https:\/\/dayfor.com\/wp-content\/uploads\/2023\/11\/mampara.jpg\" \/>\n\t<meta property=\"og:image:width\" content=\"810\" \/>\n\t<meta property=\"og:image:height\" content=\"577\" \/>\n\t<meta property=\"og:image:type\" content=\"image\/jpeg\" \/>\n<meta name=\"twitter:card\" content=\"summary_large_image\" \/>\n<meta name=\"twitter:site\" content=\"@PuertasDayfor\" \/>\n<meta name=\"twitter:label1\" content=\"Dur\u00e9e de lecture estim\u00e9e\" \/>\n\t<meta name=\"twitter:data1\" content=\"2 minutes\" \/>\n<script type=\"application\/ld+json\" class=\"yoast-schema-graph\">{\"@context\":\"https:\\\/\\\/schema.org\",\"@graph\":[{\"@type\":\"WebPage\",\"@id\":\"https:\\\/\\\/dayfor.com\\\/fr\\\/produits\\\/cloisons\\\/\",\"url\":\"https:\\\/\\\/dayfor.com\\\/fr\\\/produits\\\/cloisons\\\/\",\"name\":\"Cloisons - F\u00e1brica de Puertas | Dayfor\",\"isPartOf\":{\"@id\":\"https:\\\/\\\/dayfor.com\\\/fr\\\/#website\"},\"primaryImageOfPage\":{\"@id\":\"https:\\\/\\\/dayfor.com\\\/fr\\\/produits\\\/cloisons\\\/#primaryimage\"},\"image\":{\"@id\":\"https:\\\/\\\/dayfor.com\\\/fr\\\/produits\\\/cloisons\\\/#primaryimage\"},\"thumbnailUrl\":\"https:\\\/\\\/dayfor.com\\\/wp-content\\\/uploads\\\/2023\\\/11\\\/mampara.jpg\",\"datePublished\":\"2023-05-15T09:04:16+00:00\",\"dateModified\":\"2025-08-04T09:32:50+00:00\",\"breadcrumb\":{\"@id\":\"https:\\\/\\\/dayfor.com\\\/fr\\\/produits\\\/cloisons\\\/#breadcrumb\"},\"inLanguage\":\"fr-FR\",\"potentialAction\":[{\"@type\":\"ReadAction\",\"target\":[\"https:\\\/\\\/dayfor.com\\\/fr\\\/produits\\\/cloisons\\\/\"]}]},{\"@type\":\"ImageObject\",\"inLanguage\":\"fr-FR\",\"@id\":\"https:\\\/\\\/dayfor.com\\\/fr\\\/produits\\\/cloisons\\\/#primaryimage\",\"url\":\"https:\\\/\\\/dayfor.com\\\/wp-content\\\/uploads\\\/2023\\\/11\\\/mampara.jpg\",\"contentUrl\":\"https:\\\/\\\/dayfor.com\\\/wp-content\\\/uploads\\\/2023\\\/11\\\/mampara.jpg\",\"width\":810,\"height\":577},{\"@type\":\"BreadcrumbList\",\"@id\":\"https:\\\/\\\/dayfor.com\\\/fr\\\/produits\\\/cloisons\\\/#breadcrumb\",\"itemListElement\":[{\"@type\":\"ListItem\",\"position\":1,\"name\":\"Inicio\",\"item\":\"https:\\\/\\\/dayfor.com\\\/fr\\\/\"},{\"@type\":\"ListItem\",\"position\":2,\"name\":\"Produits\",\"item\":\"https:\\\/\\\/dayfor.com\\\/fr\\\/catalogo-productos-fabrica-puertas\\\/\"},{\"@type\":\"ListItem\",\"position\":3,\"name\":\"Cloisons\"}]},{\"@type\":\"WebSite\",\"@id\":\"https:\\\/\\\/dayfor.com\\\/fr\\\/#website\",\"url\":\"https:\\\/\\\/dayfor.com\\\/fr\\\/\",\"name\":\"F\u00e1brica de Puertas | Dayfor\",\"description\":\"Puertas, Armarios, Molduras y Mamparas\",\"publisher\":{\"@id\":\"https:\\\/\\\/dayfor.com\\\/fr\\\/#organization\"},\"potentialAction\":[{\"@type\":\"SearchAction\",\"target\":{\"@type\":\"EntryPoint\",\"urlTemplate\":\"https:\\\/\\\/dayfor.com\\\/fr\\\/?s={search_term_string}\"},\"query-input\":{\"@type\":\"PropertyValueSpecification\",\"valueRequired\":true,\"valueName\":\"search_term_string\"}}],\"inLanguage\":\"fr-FR\"},{\"@type\":\"Organization\",\"@id\":\"https:\\\/\\\/dayfor.com\\\/fr\\\/#organization\",\"name\":\"F\u00e1brica de Puertas | Dayfor\",\"url\":\"https:\\\/\\\/dayfor.com\\\/fr\\\/\",\"logo\":{\"@type\":\"ImageObject\",\"inLanguage\":\"fr-FR\",\"@id\":\"https:\\\/\\\/dayfor.com\\\/fr\\\/#\\\/schema\\\/logo\\\/image\\\/\",\"url\":\"https:\\\/\\\/dayfor.com\\\/wp-content\\\/uploads\\\/2023\\\/05\\\/cropped-favicon-dayfor.png\",\"contentUrl\":\"https:\\\/\\\/dayfor.com\\\/wp-content\\\/uploads\\\/2023\\\/05\\\/cropped-favicon-dayfor.png\",\"width\":512,\"height\":512,\"caption\":\"F\u00e1brica de Puertas | Dayfor\"},\"image\":{\"@id\":\"https:\\\/\\\/dayfor.com\\\/fr\\\/#\\\/schema\\\/logo\\\/image\\\/\"},\"sameAs\":[\"https:\\\/\\\/www.facebook.com\\\/GRUPODAYFOR\",\"https:\\\/\\\/x.com\\\/PuertasDayfor\",\"https:\\\/\\\/www.instagram.com\\\/puertasdayfor\\\/\",\"https:\\\/\\\/www.linkedin.com\\\/company\\\/puertas-dayfor-s-l-\\\/\"]}]}<\/script>\n<!-- \/ Yoast SEO plugin. -->","yoast_head_json":{"title":"Cloisons - F\u00e1brica de Puertas | Dayfor","robots":{"index":"index","follow":"follow","max-snippet":"max-snippet:-1","max-image-preview":"max-image-preview:large","max-video-preview":"max-video-preview:-1"},"canonical":"https:\/\/dayfor.com\/fr\/produits\/cloisons\/","og_locale":"fr_FR","og_type":"article","og_title":"Cloisons - F\u00e1brica de Puertas | Dayfor","og_description":"Au sein de la division cloisons de Dayfor, nous avons inclus deux produits similaires avec des objectifs tr\u00e8s diff\u00e9rents : les \u00e9crans de baignoire et les \u00e9crans de cloison. \u00c9crans de salle de bains. Les \u00e9crans sont fabriqu\u00e9s en ph\u00e9nolique compact de 12 mm, qui n&rsquo;absorbe ni les odeurs ni l&rsquo;humidit\u00e9 et qui est tr\u00e8s [&hellip;]","og_url":"https:\/\/dayfor.com\/fr\/produits\/cloisons\/","og_site_name":"F\u00e1brica de Puertas | Dayfor","article_publisher":"https:\/\/www.facebook.com\/GRUPODAYFOR","article_modified_time":"2025-08-04T09:32:50+00:00","og_image":[{"width":810,"height":577,"url":"https:\/\/dayfor.com\/wp-content\/uploads\/2023\/11\/mampara.jpg","type":"image\/jpeg"}],"twitter_card":"summary_large_image","twitter_site":"@PuertasDayfor","twitter_misc":{"Dur\u00e9e de lecture estim\u00e9e":"2 minutes"},"schema":{"@context":"https:\/\/schema.org","@graph":[{"@type":"WebPage","@id":"https:\/\/dayfor.com\/fr\/produits\/cloisons\/","url":"https:\/\/dayfor.com\/fr\/produits\/cloisons\/","name":"Cloisons - F\u00e1brica de Puertas | Dayfor","isPartOf":{"@id":"https:\/\/dayfor.com\/fr\/#website"},"primaryImageOfPage":{"@id":"https:\/\/dayfor.com\/fr\/produits\/cloisons\/#primaryimage"},"image":{"@id":"https:\/\/dayfor.com\/fr\/produits\/cloisons\/#primaryimage"},"thumbnailUrl":"https:\/\/dayfor.com\/wp-content\/uploads\/2023\/11\/mampara.jpg","datePublished":"2023-05-15T09:04:16+00:00","dateModified":"2025-08-04T09:32:50+00:00","breadcrumb":{"@id":"https:\/\/dayfor.com\/fr\/produits\/cloisons\/#breadcrumb"},"inLanguage":"fr-FR","potentialAction":[{"@type":"ReadAction","target":["https:\/\/dayfor.com\/fr\/produits\/cloisons\/"]}]},{"@type":"ImageObject","inLanguage":"fr-FR","@id":"https:\/\/dayfor.com\/fr\/produits\/cloisons\/#primaryimage","url":"https:\/\/dayfor.com\/wp-content\/uploads\/2023\/11\/mampara.jpg","contentUrl":"https:\/\/dayfor.com\/wp-content\/uploads\/2023\/11\/mampara.jpg","width":810,"height":577},{"@type":"BreadcrumbList","@id":"https:\/\/dayfor.com\/fr\/produits\/cloisons\/#breadcrumb","itemListElement":[{"@type":"ListItem","position":1,"name":"Inicio","item":"https:\/\/dayfor.com\/fr\/"},{"@type":"ListItem","position":2,"name":"Produits","item":"https:\/\/dayfor.com\/fr\/catalogo-productos-fabrica-puertas\/"},{"@type":"ListItem","position":3,"name":"Cloisons"}]},{"@type":"WebSite","@id":"https:\/\/dayfor.com\/fr\/#website","url":"https:\/\/dayfor.com\/fr\/","name":"F\u00e1brica de Puertas | Dayfor","description":"Puertas, Armarios, Molduras y Mamparas","publisher":{"@id":"https:\/\/dayfor.com\/fr\/#organization"},"potentialAction":[{"@type":"SearchAction","target":{"@type":"EntryPoint","urlTemplate":"https:\/\/dayfor.com\/fr\/?s={search_term_string}"},"query-input":{"@type":"PropertyValueSpecification","valueRequired":true,"valueName":"search_term_string"}}],"inLanguage":"fr-FR"},{"@type":"Organization","@id":"https:\/\/dayfor.com\/fr\/#organization","name":"F\u00e1brica de Puertas | Dayfor","url":"https:\/\/dayfor.com\/fr\/","logo":{"@type":"ImageObject","inLanguage":"fr-FR","@id":"https:\/\/dayfor.com\/fr\/#\/schema\/logo\/image\/","url":"https:\/\/dayfor.com\/wp-content\/uploads\/2023\/05\/cropped-favicon-dayfor.png","contentUrl":"https:\/\/dayfor.com\/wp-content\/uploads\/2023\/05\/cropped-favicon-dayfor.png","width":512,"height":512,"caption":"F\u00e1brica de Puertas | Dayfor"},"image":{"@id":"https:\/\/dayfor.com\/fr\/#\/schema\/logo\/image\/"},"sameAs":["https:\/\/www.facebook.com\/GRUPODAYFOR","https:\/\/x.com\/PuertasDayfor","https:\/\/www.instagram.com\/puertasdayfor\/","https:\/\/www.linkedin.com\/company\/puertas-dayfor-s-l-\/"]}]}},"_links":{"self":[{"href":"https:\/\/dayfor.com\/fr\/wp-json\/wp\/v2\/pages\/5766","targetHints":{"allow":["GET"]}}],"collection":[{"href":"https:\/\/dayfor.com\/fr\/wp-json\/wp\/v2\/pages"}],"about":[{"href":"https:\/\/dayfor.com\/fr\/wp-json\/wp\/v2\/types\/page"}],"author":[{"embeddable":true,"href":"https:\/\/dayfor.com\/fr\/wp-json\/wp\/v2\/users\/2"}],"replies":[{"embeddable":true,"href":"https:\/\/dayfor.com\/fr\/wp-json\/wp\/v2\/comments?post=5766"}],"version-history":[{"count":4,"href":"https:\/\/dayfor.com\/fr\/wp-json\/wp\/v2\/pages\/5766\/revisions"}],"predecessor-version":[{"id":7863,"href":"https:\/\/dayfor.com\/fr\/wp-json\/wp\/v2\/pages\/5766\/revisions\/7863"}],"up":[{"embeddable":true,"href":"https:\/\/dayfor.com\/fr\/wp-json\/wp\/v2\/pages\/5758"}],"wp:featuredmedia":[{"embeddable":true,"href":"https:\/\/dayfor.com\/fr\/wp-json\/wp\/v2\/media\/5339"}],"wp:attachment":[{"href":"https:\/\/dayfor.com\/fr\/wp-json\/wp\/v2\/media?parent=5766"}],"curies":[{"name":"wp","href":"https:\/\/api.w.org\/{rel}","templated":true}]}}