{"id":8091,"date":"2025-12-16T11:04:05","date_gmt":"2025-12-16T10:04:05","guid":{"rendered":"https:\/\/dayfor.com\/?page_id=8091"},"modified":"2025-12-17T10:50:10","modified_gmt":"2025-12-17T09:50:10","slug":"panneaux-et-moulures-2","status":"publish","type":"page","link":"https:\/\/dayfor.com\/fr\/produits\/panneaux-et-moulures-2\/","title":{"rendered":"Panneaux ignifuges et standard"},"content":{"rendered":"\t\t<div data-elementor-type=\"wp-page\" data-elementor-id=\"8091\" class=\"elementor elementor-8091 elementor-8089\" data-elementor-post-type=\"page\">\n\t\t\t\t\t\t<section class=\"elementor-section elementor-top-section elementor-element elementor-element-91e6afc elementor-section-boxed elementor-section-height-default elementor-section-height-default\" data-id=\"91e6afc\" data-element_type=\"section\" data-e-type=\"section\">\n\t\t\t\t\t\t<div class=\"elementor-container elementor-column-gap-default\">\n\t\t\t\t\t<div class=\"elementor-column elementor-col-100 elementor-top-column elementor-element elementor-element-cf4fc2b\" data-id=\"cf4fc2b\" data-element_type=\"column\" data-e-type=\"column\">\n\t\t\t<div class=\"elementor-widget-wrap elementor-element-populated\">\n\t\t\t\t\t\t<div class=\"elementor-element elementor-element-1a5c0de elementor-widget elementor-widget-breadcrumbs\" data-id=\"1a5c0de\" data-element_type=\"widget\" data-e-type=\"widget\" data-widget_type=\"breadcrumbs.default\">\n\t\t\t\t<div class=\"elementor-widget-container\">\n\t\t\t\t\t<p id=\"breadcrumbs\"><span><span><a href=\"https:\/\/dayfor.com\/fr\/\">Inicio<\/a><\/span><\/span><\/p>\t\t\t\t<\/div>\n\t\t\t\t<\/div>\n\t\t\t\t\t<\/div>\n\t\t<\/div>\n\t\t\t\t\t<\/div>\n\t\t<\/section>\n\t\t<div class=\"elementor-element elementor-element-164d2ca e-flex e-con-boxed e-con e-parent\" data-id=\"164d2ca\" data-element_type=\"container\" data-e-type=\"container\">\n\t\t\t\t\t<div class=\"e-con-inner\">\n\t\t<div class=\"elementor-element elementor-element-753c689 e-con-full e-flex e-con e-child\" data-id=\"753c689\" data-element_type=\"container\" data-e-type=\"container\">\n\t\t\t\t<div class=\"elementor-element elementor-element-7fdb3a3 elementor-widget elementor-widget-image\" data-id=\"7fdb3a3\" data-element_type=\"widget\" data-e-type=\"widget\" data-widget_type=\"image.default\">\n\t\t\t\t<div class=\"elementor-widget-container\">\n\t\t\t\t\t\t\t\t\t\t\t\t\t\t\t\t<a href=\"https:\/\/dayfor.com\/wp-content\/uploads\/2025\/12\/paneles-ignifugos-y-estandar-2.webp\" data-elementor-open-lightbox=\"yes\" data-e-action-hash=\"#elementor-action%3Aaction%3Dlightbox%26settings%3DeyJpZCI6ODEwNiwidXJsIjoiaHR0cHM6XC9cL2RheWZvci5jb21cL3dwLWNvbnRlbnRcL3VwbG9hZHNcLzIwMjVcLzEyXC9wYW5lbGVzLWlnbmlmdWdvcy15LWVzdGFuZGFyLTIud2VicCJ9\">\n\t\t\t\t\t\t\t<img fetchpriority=\"high\" decoding=\"async\" width=\"640\" height=\"427\" src=\"https:\/\/dayfor.com\/wp-content\/uploads\/2025\/12\/paneles-ignifugos-y-estandar-2-1024x683.webp\" class=\"attachment-large size-large wp-image-8106\" alt=\"\" srcset=\"https:\/\/dayfor.com\/wp-content\/uploads\/2025\/12\/paneles-ignifugos-y-estandar-2-1024x683.webp 1024w, https:\/\/dayfor.com\/wp-content\/uploads\/2025\/12\/paneles-ignifugos-y-estandar-2-300x200.webp 300w, https:\/\/dayfor.com\/wp-content\/uploads\/2025\/12\/paneles-ignifugos-y-estandar-2-768x512.webp 768w, https:\/\/dayfor.com\/wp-content\/uploads\/2025\/12\/paneles-ignifugos-y-estandar-2.webp 1200w\" sizes=\"(max-width: 640px) 100vw, 640px\" \/>\t\t\t\t\t\t\t\t<\/a>\n\t\t\t\t\t\t\t\t\t\t\t\t\t\t\t<\/div>\n\t\t\t\t<\/div>\n\t\t\t\t<div class=\"elementor-element elementor-element-fc9273e elementor-widget elementor-widget-image\" data-id=\"fc9273e\" data-element_type=\"widget\" data-e-type=\"widget\" data-widget_type=\"image.default\">\n\t\t\t\t<div class=\"elementor-widget-container\">\n\t\t\t\t\t\t\t\t\t\t\t\t\t\t\t\t<a href=\"https:\/\/dayfor.com\/wp-content\/uploads\/2025\/12\/paneles-ignifugos-y-estandar-3.webp\" data-elementor-open-lightbox=\"yes\" data-e-action-hash=\"#elementor-action%3Aaction%3Dlightbox%26settings%3DeyJpZCI6ODEwOSwidXJsIjoiaHR0cHM6XC9cL2RheWZvci5jb21cL3dwLWNvbnRlbnRcL3VwbG9hZHNcLzIwMjVcLzEyXC9wYW5lbGVzLWlnbmlmdWdvcy15LWVzdGFuZGFyLTMud2VicCJ9\">\n\t\t\t\t\t\t\t<img decoding=\"async\" width=\"640\" height=\"427\" src=\"https:\/\/dayfor.com\/wp-content\/uploads\/2025\/12\/paneles-ignifugos-y-estandar-3-1024x683.webp\" class=\"attachment-large size-large wp-image-8109\" alt=\"\" srcset=\"https:\/\/dayfor.com\/wp-content\/uploads\/2025\/12\/paneles-ignifugos-y-estandar-3-1024x683.webp 1024w, https:\/\/dayfor.com\/wp-content\/uploads\/2025\/12\/paneles-ignifugos-y-estandar-3-300x200.webp 300w, https:\/\/dayfor.com\/wp-content\/uploads\/2025\/12\/paneles-ignifugos-y-estandar-3-768x512.webp 768w, https:\/\/dayfor.com\/wp-content\/uploads\/2025\/12\/paneles-ignifugos-y-estandar-3.webp 1200w\" sizes=\"(max-width: 640px) 100vw, 640px\" \/>\t\t\t\t\t\t\t\t<\/a>\n\t\t\t\t\t\t\t\t\t\t\t\t\t\t\t<\/div>\n\t\t\t\t<\/div>\n\t\t\t\t<div class=\"elementor-element elementor-element-99e77e3 elementor-widget elementor-widget-image\" data-id=\"99e77e3\" data-element_type=\"widget\" data-e-type=\"widget\" data-widget_type=\"image.default\">\n\t\t\t\t<div class=\"elementor-widget-container\">\n\t\t\t\t\t\t\t\t\t\t\t\t\t\t\t\t<a href=\"https:\/\/dayfor.com\/wp-content\/uploads\/2025\/12\/paneles-ignifugos-y-estandar-5.webp\" data-elementor-open-lightbox=\"yes\" data-e-action-hash=\"#elementor-action%3Aaction%3Dlightbox%26settings%3DeyJpZCI6ODExNSwidXJsIjoiaHR0cHM6XC9cL2RheWZvci5jb21cL3dwLWNvbnRlbnRcL3VwbG9hZHNcLzIwMjVcLzEyXC9wYW5lbGVzLWlnbmlmdWdvcy15LWVzdGFuZGFyLTUud2VicCJ9\">\n\t\t\t\t\t\t\t<img decoding=\"async\" width=\"640\" height=\"427\" src=\"https:\/\/dayfor.com\/wp-content\/uploads\/2025\/12\/paneles-ignifugos-y-estandar-5-1024x683.webp\" class=\"attachment-large size-large wp-image-8115\" alt=\"\" srcset=\"https:\/\/dayfor.com\/wp-content\/uploads\/2025\/12\/paneles-ignifugos-y-estandar-5-1024x683.webp 1024w, https:\/\/dayfor.com\/wp-content\/uploads\/2025\/12\/paneles-ignifugos-y-estandar-5-300x200.webp 300w, https:\/\/dayfor.com\/wp-content\/uploads\/2025\/12\/paneles-ignifugos-y-estandar-5-768x512.webp 768w, https:\/\/dayfor.com\/wp-content\/uploads\/2025\/12\/paneles-ignifugos-y-estandar-5.webp 1200w\" sizes=\"(max-width: 640px) 100vw, 640px\" \/>\t\t\t\t\t\t\t\t<\/a>\n\t\t\t\t\t\t\t\t\t\t\t\t\t\t\t<\/div>\n\t\t\t\t<\/div>\n\t\t\t\t<\/div>\n\t\t<div class=\"elementor-element elementor-element-a1c7d38 e-con-full e-flex e-con e-child\" data-id=\"a1c7d38\" data-element_type=\"container\" data-e-type=\"container\">\n\t\t\t\t<div class=\"elementor-element elementor-element-7fd3578 elementor-widget elementor-widget-heading\" data-id=\"7fd3578\" data-element_type=\"widget\" data-e-type=\"widget\" data-widget_type=\"heading.default\">\n\t\t\t\t<div class=\"elementor-widget-container\">\n\t\t\t\t\t<h2 class=\"elementor-heading-title elementor-size-default\">Panneaux ignifuges et standard<\/h2>\t\t\t\t<\/div>\n\t\t\t\t<\/div>\n\t\t<div class=\"elementor-element elementor-element-a290398 e-con-full e-flex e-con e-child\" data-id=\"a290398\" data-element_type=\"container\" data-e-type=\"container\">\n\t\t<div class=\"elementor-element elementor-element-fc6e31f e-con-full e-flex e-con e-child\" data-id=\"fc6e31f\" data-element_type=\"container\" data-e-type=\"container\">\n\t\t\t\t<div class=\"elementor-element elementor-element-34be332 elementor-widget elementor-widget-text-editor\" data-id=\"34be332\" data-element_type=\"widget\" data-e-type=\"widget\" data-widget_type=\"text-editor.default\">\n\t\t\t\t<div class=\"elementor-widget-container\">\n\t\t\t\t\t\t\t\t\t<p class=\"p1\"><b>Panneaux ignifuges.<\/b><\/p><p class=\"p1\">Notre nouvelle gamme de panneaux ignifuges Dayfor vise \u00e0 r\u00e9pondre \u00e0 un besoin croissant en mati\u00e8re de protection contre l\u2019incendie. Ainsi, nous avons d\u00e9velopp\u00e9 des panneaux B-s1 d0 et B-s2 d0 avec finition HPL, des panneaux C-s1 d0 avec finition CPL et des panneaux D-s1 d0 avec finition en placages naturels.<\/p><p class=\"p1\">Ces \u00e9l\u00e9ments d\u00e9coratifs ne sont pas class\u00e9s comme des portes coupe-feu ; ils s\u2019appuient plut\u00f4t sur le concept de \u00ab r\u00e9action au feu \u00bb, qui \u00e9value la capacit\u00e9 d\u2019un mat\u00e9riau \u00e0 favoriser le d\u00e9veloppement d\u2019un incendie. La r\u00e9action au feu peut \u00eatre A1, A2, B, C, D, E et F : la classe B est tr\u00e8s limit\u00e9e, la C est limit\u00e9e et la D est moyenne ; les fum\u00e9es (s, pour smoke) qualifient l\u2019opacit\u00e9 des fum\u00e9es, avec s1 faible, s2 moyenne et s3 \u00e9lev\u00e9e ; et la chute de gouttelettes ou de particules enflamm\u00e9es (d, pour drop) est not\u00e9e d0 pour une chute nulle, d1 pour une chute moyenne et d2 pour une chute \u00e9lev\u00e9e.<\/p>\t\t\t\t\t\t\t\t<\/div>\n\t\t\t\t<\/div>\n\t\t\t\t<\/div>\n\t\t<div class=\"elementor-element elementor-element-fe21509 e-con-full e-flex e-con e-child\" data-id=\"fe21509\" data-element_type=\"container\" data-e-type=\"container\">\n\t\t\t\t<div class=\"elementor-element elementor-element-4c42a84 elementor-widget elementor-widget-text-editor\" data-id=\"4c42a84\" data-element_type=\"widget\" data-e-type=\"widget\" data-widget_type=\"text-editor.default\">\n\t\t\t\t<div class=\"elementor-widget-container\">\n\t\t\t\t\t\t\t\t\t<p class=\"p1\"><b>Panneaux standard.<\/b><\/p><p class=\"p1\">Lorsqu\u2019aucune certification incendie n\u2019est requise, nous pouvons opter pour des panneaux standard. Les supports les plus courants sont l\u2019agglom\u00e9r\u00e9 ou le MDF (standard, hydrofuge ou ignifuge), avec des chants droits ou postform\u00e9s. Le tout est rev\u00eatu de nos finitions stratifi\u00e9es HPL, CPL ou m\u00e9lamine, de placages naturels ou reconstitu\u00e9s vernis ou teint\u00e9s, ainsi que de finitions laqu\u00e9es.<\/p><p class=\"p1\"><strong>Mat\u00e9riau durable. <\/strong><\/p><p class=\"p1\">Nos mat\u00e9riaux et finitions sont disponibles avec une <a href=\"#\">cha\u00eene de contr\u00f4le FSC<\/a> pour une gestion foresti\u00e8re responsable.<\/p>\t\t\t\t\t\t\t\t<\/div>\n\t\t\t\t<\/div>\n\t\t\t\t<\/div>\n\t\t\t\t<\/div>\n\t\t\t\t<\/div>\n\t\t\t\t\t<\/div>\n\t\t\t\t<\/div>\n\t\t<div class=\"elementor-element elementor-element-f941728 e-flex e-con-boxed e-con e-parent\" data-id=\"f941728\" data-element_type=\"container\" data-e-type=\"container\">\n\t\t\t\t\t<div class=\"e-con-inner\">\n\t\t<div class=\"elementor-element elementor-element-ac07ab4 e-con-full e-flex e-con e-child\" data-id=\"ac07ab4\" data-element_type=\"container\" data-e-type=\"container\">\n\t\t\t\t<div class=\"elementor-element elementor-element-e114c56 elementor-widget elementor-widget-image\" data-id=\"e114c56\" data-element_type=\"widget\" data-e-type=\"widget\" data-widget_type=\"image.default\">\n\t\t\t\t<div class=\"elementor-widget-container\">\n\t\t\t\t\t\t\t\t\t\t\t\t\t\t\t<img loading=\"lazy\" decoding=\"async\" width=\"1200\" height=\"1028\" src=\"https:\/\/dayfor.com\/wp-content\/uploads\/2025\/12\/paneles-ignifugos-y-estandar-1.webp\" class=\"attachment-full size-full wp-image-8103\" alt=\"\" srcset=\"https:\/\/dayfor.com\/wp-content\/uploads\/2025\/12\/paneles-ignifugos-y-estandar-1.webp 1200w, https:\/\/dayfor.com\/wp-content\/uploads\/2025\/12\/paneles-ignifugos-y-estandar-1-300x257.webp 300w, https:\/\/dayfor.com\/wp-content\/uploads\/2025\/12\/paneles-ignifugos-y-estandar-1-1024x877.webp 1024w, https:\/\/dayfor.com\/wp-content\/uploads\/2025\/12\/paneles-ignifugos-y-estandar-1-768x658.webp 768w\" sizes=\"(max-width: 1200px) 100vw, 1200px\" \/>\t\t\t\t\t\t\t\t\t\t\t\t\t\t\t<\/div>\n\t\t\t\t<\/div>\n\t\t\t\t<\/div>\n\t\t\t\t\t<\/div>\n\t\t\t\t<\/div>\n\t\t\t\t<\/div>\n\t\t","protected":false},"excerpt":{"rendered":"<p>Panneaux ignifuges. Notre nouvelle gamme de panneaux ignifuges Dayfor vise \u00e0 r\u00e9pondre \u00e0 un besoin croissant en mati\u00e8re de protection contre l\u2019incendie. Ainsi, nous avons d\u00e9velopp\u00e9 des panneaux B-s1 d0 et B-s2 d0 avec finition HPL, des panneaux C-s1 d0 avec finition CPL et des panneaux D-s1 d0 avec finition en placages naturels. Ces \u00e9l\u00e9ments [&hellip;]<\/p>\n","protected":false},"author":3,"featured_media":8112,"parent":5758,"menu_order":0,"comment_status":"closed","ping_status":"closed","template":"","meta":{"_acf_changed":false,"inline_featured_image":false,"footnotes":""},"class_list":["post-8091","page","type-page","status-publish","has-post-thumbnail","hentry"],"acf":[],"yoast_head":"<!-- This site is optimized with the Yoast SEO plugin v27.4 - https:\/\/yoast.com\/product\/yoast-seo-wordpress\/ -->\n<title>Panneaux ignifuges et standard - F\u00e1brica de Puertas | Dayfor<\/title>\n<meta name=\"robots\" content=\"index, follow, max-snippet:-1, max-image-preview:large, max-video-preview:-1\" \/>\n<link rel=\"canonical\" href=\"https:\/\/dayfor.com\/fr\/produits\/panneaux-et-moulures-2\/\" \/>\n<meta property=\"og:locale\" content=\"fr_FR\" \/>\n<meta property=\"og:type\" content=\"article\" \/>\n<meta property=\"og:title\" content=\"Panneaux ignifuges et standard - F\u00e1brica de Puertas | Dayfor\" \/>\n<meta property=\"og:description\" content=\"Panneaux ignifuges. Notre nouvelle gamme de panneaux ignifuges Dayfor vise \u00e0 r\u00e9pondre \u00e0 un besoin croissant en mati\u00e8re de protection contre l\u2019incendie. Ainsi, nous avons d\u00e9velopp\u00e9 des panneaux B-s1 d0 et B-s2 d0 avec finition HPL, des panneaux C-s1 d0 avec finition CPL et des panneaux D-s1 d0 avec finition en placages naturels. Ces \u00e9l\u00e9ments [&hellip;]\" \/>\n<meta property=\"og:url\" content=\"https:\/\/dayfor.com\/fr\/produits\/panneaux-et-moulures-2\/\" \/>\n<meta property=\"og:site_name\" content=\"F\u00e1brica de Puertas | Dayfor\" \/>\n<meta property=\"article:publisher\" content=\"https:\/\/www.facebook.com\/GRUPODAYFOR\" \/>\n<meta property=\"article:modified_time\" content=\"2025-12-17T09:50:10+00:00\" \/>\n<meta property=\"og:image\" content=\"https:\/\/dayfor.com\/wp-content\/uploads\/2025\/12\/paneles-ignifugos-y-estandar-4.webp\" \/>\n\t<meta property=\"og:image:width\" content=\"1200\" \/>\n\t<meta property=\"og:image:height\" content=\"800\" \/>\n\t<meta property=\"og:image:type\" content=\"image\/webp\" \/>\n<meta name=\"twitter:card\" content=\"summary_large_image\" \/>\n<meta name=\"twitter:site\" content=\"@PuertasDayfor\" \/>\n<meta name=\"twitter:label1\" content=\"Dur\u00e9e de lecture estim\u00e9e\" \/>\n\t<meta name=\"twitter:data1\" content=\"3 minutes\" \/>\n<script type=\"application\/ld+json\" class=\"yoast-schema-graph\">{\"@context\":\"https:\\\/\\\/schema.org\",\"@graph\":[{\"@type\":\"WebPage\",\"@id\":\"https:\\\/\\\/dayfor.com\\\/fr\\\/produits\\\/panneaux-et-moulures-2\\\/\",\"url\":\"https:\\\/\\\/dayfor.com\\\/fr\\\/produits\\\/panneaux-et-moulures-2\\\/\",\"name\":\"Panneaux ignifuges et standard - F\u00e1brica de Puertas | Dayfor\",\"isPartOf\":{\"@id\":\"https:\\\/\\\/dayfor.com\\\/fr\\\/#website\"},\"primaryImageOfPage\":{\"@id\":\"https:\\\/\\\/dayfor.com\\\/fr\\\/produits\\\/panneaux-et-moulures-2\\\/#primaryimage\"},\"image\":{\"@id\":\"https:\\\/\\\/dayfor.com\\\/fr\\\/produits\\\/panneaux-et-moulures-2\\\/#primaryimage\"},\"thumbnailUrl\":\"https:\\\/\\\/dayfor.com\\\/wp-content\\\/uploads\\\/2025\\\/12\\\/paneles-ignifugos-y-estandar-4.webp\",\"datePublished\":\"2025-12-16T10:04:05+00:00\",\"dateModified\":\"2025-12-17T09:50:10+00:00\",\"breadcrumb\":{\"@id\":\"https:\\\/\\\/dayfor.com\\\/fr\\\/produits\\\/panneaux-et-moulures-2\\\/#breadcrumb\"},\"inLanguage\":\"fr-FR\",\"potentialAction\":[{\"@type\":\"ReadAction\",\"target\":[\"https:\\\/\\\/dayfor.com\\\/fr\\\/produits\\\/panneaux-et-moulures-2\\\/\"]}]},{\"@type\":\"ImageObject\",\"inLanguage\":\"fr-FR\",\"@id\":\"https:\\\/\\\/dayfor.com\\\/fr\\\/produits\\\/panneaux-et-moulures-2\\\/#primaryimage\",\"url\":\"https:\\\/\\\/dayfor.com\\\/wp-content\\\/uploads\\\/2025\\\/12\\\/paneles-ignifugos-y-estandar-4.webp\",\"contentUrl\":\"https:\\\/\\\/dayfor.com\\\/wp-content\\\/uploads\\\/2025\\\/12\\\/paneles-ignifugos-y-estandar-4.webp\",\"width\":1200,\"height\":800},{\"@type\":\"BreadcrumbList\",\"@id\":\"https:\\\/\\\/dayfor.com\\\/fr\\\/produits\\\/panneaux-et-moulures-2\\\/#breadcrumb\",\"itemListElement\":[{\"@type\":\"ListItem\",\"position\":1,\"name\":\"Inicio\",\"item\":\"https:\\\/\\\/dayfor.com\\\/fr\\\/\"},{\"@type\":\"ListItem\",\"position\":2,\"name\":\"Produits\",\"item\":\"https:\\\/\\\/dayfor.com\\\/fr\\\/catalogo-productos-fabrica-puertas\\\/\"},{\"@type\":\"ListItem\",\"position\":3,\"name\":\"Panneaux ignifuges et standard\"}]},{\"@type\":\"WebSite\",\"@id\":\"https:\\\/\\\/dayfor.com\\\/fr\\\/#website\",\"url\":\"https:\\\/\\\/dayfor.com\\\/fr\\\/\",\"name\":\"F\u00e1brica de Puertas | Dayfor\",\"description\":\"Puertas, Armarios, Molduras y Mamparas\",\"publisher\":{\"@id\":\"https:\\\/\\\/dayfor.com\\\/fr\\\/#organization\"},\"potentialAction\":[{\"@type\":\"SearchAction\",\"target\":{\"@type\":\"EntryPoint\",\"urlTemplate\":\"https:\\\/\\\/dayfor.com\\\/fr\\\/?s={search_term_string}\"},\"query-input\":{\"@type\":\"PropertyValueSpecification\",\"valueRequired\":true,\"valueName\":\"search_term_string\"}}],\"inLanguage\":\"fr-FR\"},{\"@type\":\"Organization\",\"@id\":\"https:\\\/\\\/dayfor.com\\\/fr\\\/#organization\",\"name\":\"F\u00e1brica de Puertas | Dayfor\",\"url\":\"https:\\\/\\\/dayfor.com\\\/fr\\\/\",\"logo\":{\"@type\":\"ImageObject\",\"inLanguage\":\"fr-FR\",\"@id\":\"https:\\\/\\\/dayfor.com\\\/fr\\\/#\\\/schema\\\/logo\\\/image\\\/\",\"url\":\"https:\\\/\\\/dayfor.com\\\/wp-content\\\/uploads\\\/2023\\\/05\\\/cropped-favicon-dayfor.png\",\"contentUrl\":\"https:\\\/\\\/dayfor.com\\\/wp-content\\\/uploads\\\/2023\\\/05\\\/cropped-favicon-dayfor.png\",\"width\":512,\"height\":512,\"caption\":\"F\u00e1brica de Puertas | Dayfor\"},\"image\":{\"@id\":\"https:\\\/\\\/dayfor.com\\\/fr\\\/#\\\/schema\\\/logo\\\/image\\\/\"},\"sameAs\":[\"https:\\\/\\\/www.facebook.com\\\/GRUPODAYFOR\",\"https:\\\/\\\/x.com\\\/PuertasDayfor\",\"https:\\\/\\\/www.instagram.com\\\/puertasdayfor\\\/\",\"https:\\\/\\\/www.linkedin.com\\\/company\\\/puertas-dayfor-s-l-\\\/\"]}]}<\/script>\n<!-- \/ Yoast SEO plugin. -->","yoast_head_json":{"title":"Panneaux ignifuges et standard - F\u00e1brica de Puertas | Dayfor","robots":{"index":"index","follow":"follow","max-snippet":"max-snippet:-1","max-image-preview":"max-image-preview:large","max-video-preview":"max-video-preview:-1"},"canonical":"https:\/\/dayfor.com\/fr\/produits\/panneaux-et-moulures-2\/","og_locale":"fr_FR","og_type":"article","og_title":"Panneaux ignifuges et standard - F\u00e1brica de Puertas | Dayfor","og_description":"Panneaux ignifuges. Notre nouvelle gamme de panneaux ignifuges Dayfor vise \u00e0 r\u00e9pondre \u00e0 un besoin croissant en mati\u00e8re de protection contre l\u2019incendie. Ainsi, nous avons d\u00e9velopp\u00e9 des panneaux B-s1 d0 et B-s2 d0 avec finition HPL, des panneaux C-s1 d0 avec finition CPL et des panneaux D-s1 d0 avec finition en placages naturels. Ces \u00e9l\u00e9ments [&hellip;]","og_url":"https:\/\/dayfor.com\/fr\/produits\/panneaux-et-moulures-2\/","og_site_name":"F\u00e1brica de Puertas | Dayfor","article_publisher":"https:\/\/www.facebook.com\/GRUPODAYFOR","article_modified_time":"2025-12-17T09:50:10+00:00","og_image":[{"width":1200,"height":800,"url":"https:\/\/dayfor.com\/wp-content\/uploads\/2025\/12\/paneles-ignifugos-y-estandar-4.webp","type":"image\/webp"}],"twitter_card":"summary_large_image","twitter_site":"@PuertasDayfor","twitter_misc":{"Dur\u00e9e de lecture estim\u00e9e":"3 minutes"},"schema":{"@context":"https:\/\/schema.org","@graph":[{"@type":"WebPage","@id":"https:\/\/dayfor.com\/fr\/produits\/panneaux-et-moulures-2\/","url":"https:\/\/dayfor.com\/fr\/produits\/panneaux-et-moulures-2\/","name":"Panneaux ignifuges et standard - F\u00e1brica de Puertas | Dayfor","isPartOf":{"@id":"https:\/\/dayfor.com\/fr\/#website"},"primaryImageOfPage":{"@id":"https:\/\/dayfor.com\/fr\/produits\/panneaux-et-moulures-2\/#primaryimage"},"image":{"@id":"https:\/\/dayfor.com\/fr\/produits\/panneaux-et-moulures-2\/#primaryimage"},"thumbnailUrl":"https:\/\/dayfor.com\/wp-content\/uploads\/2025\/12\/paneles-ignifugos-y-estandar-4.webp","datePublished":"2025-12-16T10:04:05+00:00","dateModified":"2025-12-17T09:50:10+00:00","breadcrumb":{"@id":"https:\/\/dayfor.com\/fr\/produits\/panneaux-et-moulures-2\/#breadcrumb"},"inLanguage":"fr-FR","potentialAction":[{"@type":"ReadAction","target":["https:\/\/dayfor.com\/fr\/produits\/panneaux-et-moulures-2\/"]}]},{"@type":"ImageObject","inLanguage":"fr-FR","@id":"https:\/\/dayfor.com\/fr\/produits\/panneaux-et-moulures-2\/#primaryimage","url":"https:\/\/dayfor.com\/wp-content\/uploads\/2025\/12\/paneles-ignifugos-y-estandar-4.webp","contentUrl":"https:\/\/dayfor.com\/wp-content\/uploads\/2025\/12\/paneles-ignifugos-y-estandar-4.webp","width":1200,"height":800},{"@type":"BreadcrumbList","@id":"https:\/\/dayfor.com\/fr\/produits\/panneaux-et-moulures-2\/#breadcrumb","itemListElement":[{"@type":"ListItem","position":1,"name":"Inicio","item":"https:\/\/dayfor.com\/fr\/"},{"@type":"ListItem","position":2,"name":"Produits","item":"https:\/\/dayfor.com\/fr\/catalogo-productos-fabrica-puertas\/"},{"@type":"ListItem","position":3,"name":"Panneaux ignifuges et standard"}]},{"@type":"WebSite","@id":"https:\/\/dayfor.com\/fr\/#website","url":"https:\/\/dayfor.com\/fr\/","name":"F\u00e1brica de Puertas | Dayfor","description":"Puertas, Armarios, Molduras y Mamparas","publisher":{"@id":"https:\/\/dayfor.com\/fr\/#organization"},"potentialAction":[{"@type":"SearchAction","target":{"@type":"EntryPoint","urlTemplate":"https:\/\/dayfor.com\/fr\/?s={search_term_string}"},"query-input":{"@type":"PropertyValueSpecification","valueRequired":true,"valueName":"search_term_string"}}],"inLanguage":"fr-FR"},{"@type":"Organization","@id":"https:\/\/dayfor.com\/fr\/#organization","name":"F\u00e1brica de Puertas | Dayfor","url":"https:\/\/dayfor.com\/fr\/","logo":{"@type":"ImageObject","inLanguage":"fr-FR","@id":"https:\/\/dayfor.com\/fr\/#\/schema\/logo\/image\/","url":"https:\/\/dayfor.com\/wp-content\/uploads\/2023\/05\/cropped-favicon-dayfor.png","contentUrl":"https:\/\/dayfor.com\/wp-content\/uploads\/2023\/05\/cropped-favicon-dayfor.png","width":512,"height":512,"caption":"F\u00e1brica de Puertas | Dayfor"},"image":{"@id":"https:\/\/dayfor.com\/fr\/#\/schema\/logo\/image\/"},"sameAs":["https:\/\/www.facebook.com\/GRUPODAYFOR","https:\/\/x.com\/PuertasDayfor","https:\/\/www.instagram.com\/puertasdayfor\/","https:\/\/www.linkedin.com\/company\/puertas-dayfor-s-l-\/"]}]}},"_links":{"self":[{"href":"https:\/\/dayfor.com\/fr\/wp-json\/wp\/v2\/pages\/8091","targetHints":{"allow":["GET"]}}],"collection":[{"href":"https:\/\/dayfor.com\/fr\/wp-json\/wp\/v2\/pages"}],"about":[{"href":"https:\/\/dayfor.com\/fr\/wp-json\/wp\/v2\/types\/page"}],"author":[{"embeddable":true,"href":"https:\/\/dayfor.com\/fr\/wp-json\/wp\/v2\/users\/3"}],"replies":[{"embeddable":true,"href":"https:\/\/dayfor.com\/fr\/wp-json\/wp\/v2\/comments?post=8091"}],"version-history":[{"count":7,"href":"https:\/\/dayfor.com\/fr\/wp-json\/wp\/v2\/pages\/8091\/revisions"}],"predecessor-version":[{"id":8213,"href":"https:\/\/dayfor.com\/fr\/wp-json\/wp\/v2\/pages\/8091\/revisions\/8213"}],"up":[{"embeddable":true,"href":"https:\/\/dayfor.com\/fr\/wp-json\/wp\/v2\/pages\/5758"}],"wp:featuredmedia":[{"embeddable":true,"href":"https:\/\/dayfor.com\/fr\/wp-json\/wp\/v2\/media\/8112"}],"wp:attachment":[{"href":"https:\/\/dayfor.com\/fr\/wp-json\/wp\/v2\/media?parent=8091"}],"curies":[{"name":"wp","href":"https:\/\/api.w.org\/{rel}","templated":true}]}}